{"id":1099,"date":"2012-09-06T19:30:07","date_gmt":"2012-09-06T17:30:07","guid":{"rendered":"http:\/\/www.bizify.me\/?page_id=1099"},"modified":"2020-04-10T13:00:41","modified_gmt":"2020-04-10T13:00:41","slug":"sell-a-membership","status":"publish","type":"page","link":"https:\/\/pro.bizify.me\/sv\/getting-started\/examples\/sell-a-membership\/","title":{"rendered":"S\u00e4lja ett medlemskap"},"content":{"rendered":"Att s\u00e4lja ett medlemskap via Bizify.me p\u00e5 din webbsida eller blogg \u00e4r enkelt. Men det kr\u00e4ver att du har grundl\u00e4ggande kunskaper inom n\u00e5got programmeringsspr\u00e5k.<\/p>\n<div id=\"framed_box_9e5c6364f739e47a01489a9661c46d0d\" class=\"framed_box\">\n\t<div class=\"framed_box_content\">\n\t\t\n<div class=\"dropcap2 gray\"><p class=\"dropcap2_inner\">1<\/p><\/div>\n<h3 class=\"dropcap2_header\">Aktivera avancerade funktioner<\/h3>\n<p><a onclick=\"BizifyLoginAccount();\" href=\"#\"><strong>Logga in p\u00e5 ditt Bizify.me<\/strong><\/a> konto och g\u00e5 sedan in p\u00e5 menyalternativet <em>Inst\u00e4llningar<\/em>.<\/p>\n<p>Kryssa i <em>Jag vill anv\u00e4nda avancerade funktioner f\u00f6r s\u00e4ljare<\/em> och klicka sedan p\u00e5 <em>Spara \u00e4ndringar<\/em>.<\/p>\n\n\t\t<div class=\"framed_box_space\"><\/div>\n\t<\/div>\n<\/div>\n\n<div id=\"framed_box_56cd361244f0b90357b1f12b71d5fe7a\" class=\"framed_box\">\n\t<div class=\"framed_box_content\">\n\t\t\n<div class=\"dropcap2 gray\"><p class=\"dropcap2_inner\">2<\/p><\/div>\n<h3 class=\"dropcap2_header\">L\u00e4nka till medlemssidan<\/h3>\n<p>G\u00e5 sedan till menyalternativet <em>Objekt till f\u00f6rs\u00e4ljning<\/em>.<\/p>\n<p>F\u00f6r att skapa ett nytt digitalt objekt (i det h\u00e4r fallet en l\u00e4nk till medlemssidan) f\u00f6r f\u00f6rs\u00e4ljning, klickar du p\u00e5 knappen <em>Nytt objekt<\/em>.<\/p>\n<p>V\u00e4lj alternativet <em>L\u00e4nka till ett objekt<\/em> och klistra sedan in webbadressen (URL:en) till medlemssidan och l\u00e4gg till texten <strong>?$key<\/strong> p\u00e5 slutet av webbadressen.<\/p>\n<p>L\u00e4nken kan exempelvis se ut p\u00e5 f\u00f6ljande s\u00e4tt:<\/p>\n<p><code class=\"prettyprint lang-html\"><strong>http:\/\/www.hemsida.se\/medlem\/?$key<\/strong><\/code><\/p>\n\n\t\t<div class=\"framed_box_space\"><\/div>\n\t<\/div>\n<\/div>\n\n<div id=\"framed_box_6cb0fbd4593de3cd22c248e4f4c60a00\" class=\"framed_box\">\n\t<div class=\"framed_box_content\">\n\t\t\n<div class=\"dropcap2 gray\"><p class=\"dropcap2_inner\">3<\/p><\/div>\n<h3 class=\"dropcap2_header\">V\u00e4lj pris och tillg\u00e4nglighet<\/h3>\n<p>V\u00e4lj hur mycket medlemskapet skall kosta samt hur l\u00e5ng tid k\u00f6paren skall ha tillg\u00e5ng till medlemssidan efter att ett k\u00f6p gjorts.<\/p>\n<p>Klicka sedan p\u00e5 knappen <em>Spara objekt<\/em> f\u00f6r att spara l\u00e4nken.<\/p>\n\n\t\t<div class=\"framed_box_space\"><\/div>\n\t<\/div>\n<\/div>\n\n<div id=\"framed_box_e9a0e2aff967d875c2ed5f8999e884b5\" class=\"framed_box\">\n\t<div class=\"framed_box_content\">\n\t\t\n<div class=\"dropcap2 gray\"><p class=\"dropcap2_inner\">4<\/p><\/div>\n<h3 class=\"dropcap2_header\">L\u00e4gg in l\u00e4nken p\u00e5 din webbsida\/blogg<\/h3>\n<p>Efter att l\u00e4nken sparats visas en ny unik l\u00e4nk som i sin tur l\u00e4nkar till medlemssidan. Kopiera den nya l\u00e4nken och klistra in den p\u00e5 din webbsida\/blogg p\u00e5 den plats d\u00e4r du vill att l\u00e4nken till medlemssidan skall visas.<\/p>\n<p>L\u00e4nken kan exempelvis se ut p\u00e5 f\u00f6ljande s\u00e4tt:<\/p>\n<p><code class=\"prettyprint lang-html\"><strong>&lt;a href=\"https:\/\/bizify.me\/123456789\"&gt;G\u00e5 till medlemssidan&lt;\/a&gt;<\/strong><\/code><\/p>\n\n\t\t<div class=\"framed_box_space\"><\/div>\n\t<\/div>\n<\/div>\n\n<div id=\"framed_box_5a01235750ff398f8e6e6c449d381c70\" class=\"framed_box\">\n\t<div class=\"framed_box_content\">\n\t\t\n<div class=\"dropcap2 gray\"><p class=\"dropcap2_inner\">5<\/p><\/div>\n<h3 class=\"dropcap2_header\">Begr\u00e4nsa medlemssidan f\u00f6r obeh\u00f6riga<\/h3>\n<p>F\u00f6r att f\u00f6rhindra att n\u00e5gon obeh\u00f6rig utan medlemskap f\u00e5r tillg\u00e5ng till din medlemssida m\u00e5ste du l\u00e4gga in nedanst\u00e5ende kod p\u00e5 medlemssidan. <\/p>\n<p>V\u00e4lj det programmeringsspr\u00e5k som passar f\u00f6r din webbserver och l\u00e4gg in koden h\u00f6gst upp p\u00e5 medlemssidan.<\/p>\n<div class=\"tabs_container\"><ul class=\"tabs\"><li><a href=\"#\">PHP<\/a><\/li><li><a href=\"#\">ASP.Net-VB<\/a><\/li><li><a href=\"#\">ASP.Net-C#<\/a><\/li><li><a href=\"#\">Java<\/a><\/li><li><a href=\"#\">Classic-ASP<\/a><\/li><\/ul><div class=\"panes\"><div class=\"pane\"><h6 style=\"font-family: verdana; padding-top: 18px; line-height: 18px;\">\n<p>&lt;?php<\/p>\n<p>session_start();<\/p>\n<p>if($_GET[&quot;\\$key&quot;] != &quot;&quot;)<br \/>\n{<br \/>\n&nbsp;&nbsp;&nbsp;&nbsp;&nbsp;&nbsp;&nbsp;&nbsp;$respons = file_get_contents(&quot;https:\/\/bizify.me\/?\\$key=&quot; . $_GET[&quot;\\$key&quot;] . &quot;&amp;\\$link=https:\/\/bizify.me\/XXXXXXXX);<br \/>\n&nbsp;&nbsp;&nbsp;&nbsp;&nbsp;&nbsp;&nbsp;&nbsp;$respons = substr($respons, 10, 36); \/\/Extract the $key from the JSON field<br \/>\n&nbsp;&nbsp;&nbsp;&nbsp;&nbsp;&nbsp;&nbsp;&nbsp;if(strpos($_GET[&quot;\\$key&quot;], $respons) !== false) $_SESSION[&quot;login&quot;] = true;<br \/>\n}<\/p>\n<p>if($_SESSION[&quot;login&quot;] != true)<br \/>\n{<br \/>\n&nbsp;&nbsp;&nbsp;&nbsp;&nbsp;&nbsp;&nbsp;&nbsp;print &quot;You are not logged in. Please login.&quot;;<br \/>\n&nbsp;&nbsp;&nbsp;&nbsp;&nbsp;&nbsp;&nbsp;&nbsp;exit();<br \/>\n}<\/p>\n<p>?&gt;<\/p>\n<\/h6><\/div><div class=\"pane\"><h6 style=\"font-family: verdana; padding-top: 18px; line-height: 18px;\">\n<p>&lt;script runat=&quot;server&quot;&gt;<br \/>\nSub Page_Load<br \/>\n&nbsp;&nbsp;&nbsp;&nbsp;&nbsp;&nbsp;&nbsp;&nbsp;<br \/>\n&nbsp;&nbsp;&nbsp;&nbsp;&nbsp;&nbsp;&nbsp;&nbsp;If Request.Querystring(&quot;logout&quot;) = &quot;true&quot; Then Session(&quot;login&quot;) = false<br \/>\n&nbsp;&nbsp;&nbsp;&nbsp;&nbsp;&nbsp;&nbsp;&nbsp;<br \/>\n&nbsp;&nbsp;&nbsp;&nbsp;&nbsp;&nbsp;&nbsp;&nbsp;Dim bizifyKey = Request.QueryString(&quot;$key&quot;)<br \/>\n&nbsp;&nbsp;&nbsp;&nbsp;&nbsp;&nbsp;&nbsp;&nbsp;<br \/>\n&nbsp;&nbsp;&nbsp;&nbsp;&nbsp;&nbsp;&nbsp;&nbsp;If bizifyKey &lt;&gt; &quot;&quot; Then<br \/>\n&nbsp;&nbsp;&nbsp;&nbsp;&nbsp;&nbsp;&nbsp;&nbsp;&nbsp;&nbsp;&nbsp;&nbsp;&nbsp;&nbsp;&nbsp;&nbsp;<br \/>\n&nbsp;&nbsp;&nbsp;&nbsp;&nbsp;&nbsp;&nbsp;&nbsp;&nbsp;&nbsp;&nbsp;&nbsp;&nbsp;&nbsp;&nbsp;&nbsp;Dim requestURL = &quot;https:\/\/bizify.me\/?$key=&quot; &amp; bizifyKey &amp; &quot;&amp;$link=https:\/\/bizify.me\/XXXXXXXX&quot;<br \/>\n&nbsp;&nbsp;&nbsp;&nbsp;&nbsp;&nbsp;&nbsp;&nbsp;&nbsp;&nbsp;&nbsp;&nbsp;&nbsp;&nbsp;&nbsp;&nbsp;<br \/>\n&nbsp;&nbsp;&nbsp;&nbsp;&nbsp;&nbsp;&nbsp;&nbsp;&nbsp;&nbsp;&nbsp;&nbsp;&nbsp;&nbsp;&nbsp;&nbsp;Dim httpClient as New WebClient()<br \/>\n&nbsp;&nbsp;&nbsp;&nbsp;&nbsp;&nbsp;&nbsp;&nbsp;&nbsp;&nbsp;&nbsp;&nbsp;&nbsp;&nbsp;&nbsp;&nbsp;Dim httpReader as New StreamReader(httpClient.OpenRead(requestUrl))<br \/>\n&nbsp;&nbsp;&nbsp;&nbsp;&nbsp;&nbsp;&nbsp;&nbsp;&nbsp;&nbsp;&nbsp;&nbsp;&nbsp;&nbsp;&nbsp;&nbsp;<br \/>\n&nbsp;&nbsp;&nbsp;&nbsp;&nbsp;&nbsp;&nbsp;&nbsp;&nbsp;&nbsp;&nbsp;&nbsp;&nbsp;&nbsp;&nbsp;&nbsp;Dim verifyKey = httpReader.ReadToEnd()<br \/>\n&nbsp;&nbsp;&nbsp;&nbsp;&nbsp;&nbsp;&nbsp;&nbsp;&nbsp;&nbsp;&nbsp;&nbsp;&nbsp;&nbsp;&nbsp;&nbsp;verifyKey = verifyKey.Substring(10, 36) &#8217;Extract the $key from the JSON field<br \/>\n&nbsp;&nbsp;&nbsp;&nbsp;&nbsp;&nbsp;&nbsp;&nbsp;&nbsp;&nbsp;&nbsp;&nbsp;&nbsp;&nbsp;&nbsp;&nbsp;If InStr(bizifyKey, verifyKey) Then Session(&quot;login&quot;) = true<br \/>\n&nbsp;&nbsp;&nbsp;&nbsp;&nbsp;&nbsp;&nbsp;&nbsp;&nbsp;&nbsp;&nbsp;&nbsp;&nbsp;&nbsp;&nbsp;&nbsp;<br \/>\n&nbsp;&nbsp;&nbsp;&nbsp;&nbsp;&nbsp;&nbsp;&nbsp;End If<br \/>\n&nbsp;&nbsp;&nbsp;&nbsp;&nbsp;&nbsp;&nbsp;&nbsp;<br \/>\n&nbsp;&nbsp;&nbsp;&nbsp;&nbsp;&nbsp;&nbsp;&nbsp;If Session(&quot;login&quot;) &lt;&gt; true Then<br \/>\n&nbsp;&nbsp;&nbsp;&nbsp;&nbsp;&nbsp;&nbsp;&nbsp;&nbsp;&nbsp;&nbsp;&nbsp;&nbsp;&nbsp;&nbsp;&nbsp;<br \/>\n&nbsp;&nbsp;&nbsp;&nbsp;&nbsp;&nbsp;&nbsp;&nbsp;&nbsp;&nbsp;&nbsp;&nbsp;&nbsp;&nbsp;&nbsp;&nbsp;Response.Write(&quot;You are not logged in. Please login.&quot;)<br \/>\n&nbsp;&nbsp;&nbsp;&nbsp;&nbsp;&nbsp;&nbsp;&nbsp;&nbsp;&nbsp;&nbsp;&nbsp;&nbsp;&nbsp;&nbsp;&nbsp;Response.End<br \/>\n&nbsp;&nbsp;&nbsp;&nbsp;&nbsp;&nbsp;&nbsp;&nbsp;&nbsp;&nbsp;&nbsp;&nbsp;&nbsp;&nbsp;&nbsp;&nbsp;<br \/>\n&nbsp;&nbsp;&nbsp;&nbsp;&nbsp;&nbsp;&nbsp;&nbsp;End If<br \/>\n&nbsp;&nbsp;&nbsp;&nbsp;&nbsp;&nbsp;&nbsp;&nbsp;<br \/>\nEnd Sub<br \/>\n&lt;\/script&gt;<\/p>\n<\/h6><\/div><div class=\"pane\"><h6 style=\"font-family: verdana; padding-top: 18px; line-height: 18px;\">\n<p>&lt;script runat=&quot;server&quot;&gt;<br \/>\nprotected void Page_Load()<br \/>\n{<br \/>\n&nbsp;&nbsp;&nbsp;&nbsp;&nbsp;&nbsp;&nbsp;&nbsp;if (Request.QueryString[&quot;logout&quot;] == &quot;true&quot;) Session[&quot;login&quot;] = false;<br \/>\n&nbsp;&nbsp;&nbsp;&nbsp;&nbsp;&nbsp;&nbsp;&nbsp;<br \/>\n&nbsp;&nbsp;&nbsp;&nbsp;&nbsp;&nbsp;&nbsp;&nbsp;var bizifyKey = Request.QueryString[&quot;$key&quot;];<br \/>\n&nbsp;&nbsp;&nbsp;&nbsp;&nbsp;&nbsp;&nbsp;&nbsp;<br \/>\n&nbsp;&nbsp;&nbsp;&nbsp;&nbsp;&nbsp;&nbsp;&nbsp;if (!string.IsNullOrEmpty(bizifyKey))<br \/>\n&nbsp;&nbsp;&nbsp;&nbsp;&nbsp;&nbsp;&nbsp;&nbsp;{<br \/>\n&nbsp;&nbsp;&nbsp;&nbsp;&nbsp;&nbsp;&nbsp;&nbsp;&nbsp;&nbsp;&nbsp;&nbsp;&nbsp;&nbsp;&nbsp;&nbsp;var requestUrl = &quot;https:\/\/bizify.me\/?$key=&quot; + bizifyKey + &quot;&amp;$link=https:\/\/bizify.me\/XXXXXXXX&quot;;<\/p>\n<p>&nbsp;&nbsp;&nbsp;&nbsp;&nbsp;&nbsp;&nbsp;&nbsp;&nbsp;&nbsp;&nbsp;&nbsp;&nbsp;&nbsp;&nbsp;&nbsp;using (var webClient = new WebClient())<br \/>\n&nbsp;&nbsp;&nbsp;&nbsp;&nbsp;&nbsp;&nbsp;&nbsp;&nbsp;&nbsp;&nbsp;&nbsp;&nbsp;&nbsp;&nbsp;&nbsp;using (var streamreader = new StreamReader(webClient.OpenRead(requestUrl)))<br \/>\n&nbsp;&nbsp;&nbsp;&nbsp;&nbsp;&nbsp;&nbsp;&nbsp;&nbsp;&nbsp;&nbsp;&nbsp;&nbsp;&nbsp;&nbsp;&nbsp;{<br \/>\n&nbsp;&nbsp;&nbsp;&nbsp;&nbsp;&nbsp;&nbsp;&nbsp;&nbsp;&nbsp;&nbsp;&nbsp;&nbsp;&nbsp;&nbsp;&nbsp;&nbsp;&nbsp;&nbsp;&nbsp;&nbsp;&nbsp;&nbsp;&nbsp;var verifyKey = streamreader.ReadToEnd();<br \/>\n&nbsp;&nbsp;&nbsp;&nbsp;&nbsp;&nbsp;&nbsp;&nbsp;&nbsp;&nbsp;&nbsp;&nbsp;&nbsp;&nbsp;&nbsp;&nbsp;&nbsp;&nbsp;&nbsp;&nbsp;&nbsp;&nbsp;&nbsp;&nbsp;verifyKey = verifyKey.Substring(10, 36); \/\/Extract the $key from the JSON field<br \/>\n&nbsp;&nbsp;&nbsp;&nbsp;&nbsp;&nbsp;&nbsp;&nbsp;&nbsp;&nbsp;&nbsp;&nbsp;&nbsp;&nbsp;&nbsp;&nbsp;&nbsp;&nbsp;&nbsp;&nbsp;&nbsp;&nbsp;&nbsp;&nbsp;if (bizifyKey.Contains(verifyKey)) Session[&quot;login&quot;] = true;<br \/>\n&nbsp;&nbsp;&nbsp;&nbsp;&nbsp;&nbsp;&nbsp;&nbsp;&nbsp;&nbsp;&nbsp;&nbsp;&nbsp;&nbsp;&nbsp;&nbsp;}<br \/>\n&nbsp;&nbsp;&nbsp;&nbsp;&nbsp;&nbsp;&nbsp;&nbsp;}<br \/>\n&nbsp;&nbsp;&nbsp;&nbsp;&nbsp;&nbsp;&nbsp;&nbsp;<br \/>\n&nbsp;&nbsp;&nbsp;&nbsp;&nbsp;&nbsp;&nbsp;&nbsp;if (Session[&quot;login&quot;] == null || (bool)Session[&quot;login&quot;] != true)<br \/>\n&nbsp;&nbsp;&nbsp;&nbsp;&nbsp;&nbsp;&nbsp;&nbsp;{<br \/>\n&nbsp;&nbsp;&nbsp;&nbsp;&nbsp;&nbsp;&nbsp;&nbsp;&nbsp;&nbsp;&nbsp;&nbsp;&nbsp;&nbsp;&nbsp;&nbsp;Response.Write(&quot;You are not logged in. Please login.&quot;);<br \/>\n&nbsp;&nbsp;&nbsp;&nbsp;&nbsp;&nbsp;&nbsp;&nbsp;&nbsp;&nbsp;&nbsp;&nbsp;&nbsp;&nbsp;&nbsp;&nbsp;Response.End();<br \/>\n&nbsp;&nbsp;&nbsp;&nbsp;&nbsp;&nbsp;&nbsp;&nbsp;}<br \/>\n}<br \/>\n&lt;\/script&gt;<\/p>\n<\/h6><\/div><div class=\"pane\"><h6 style=\"font-family: verdana; padding-top: 18px; line-height: 18px;\">\n<p>&lt;%@page contentType=&quot;text\/html&quot; import=&quot;java.net.*, java.io.*&quot; %&gt;<\/p>\n<p>&lt;%<\/p>\n<p>if(request.getParameter(&quot;$key&quot;) != null)<br \/>\n{<br \/>\n&nbsp;&nbsp;&nbsp;&nbsp;&nbsp;&nbsp;&nbsp;&nbsp;URL url = new URL(&quot;https:\/\/bizify.me\/?$key=&quot; + request.getParameter(&quot;$key&quot;) + &quot;&amp;$link=https:\/\/bizify.me\/XXXXXXXX&quot;);<br \/>\n&nbsp;&nbsp;&nbsp;&nbsp;&nbsp;&nbsp;&nbsp;&nbsp;BufferedInputStream buffer = new BufferedInputStream(url.openConnection().getInputStream());<\/p>\n<p>&nbsp;&nbsp;&nbsp;&nbsp;&nbsp;&nbsp;&nbsp;&nbsp;String output = &quot;&quot;;<br \/>\n&nbsp;&nbsp;&nbsp;&nbsp;&nbsp;&nbsp;&nbsp;&nbsp;int byteRead;<br \/>\n&nbsp;&nbsp;&nbsp;&nbsp;&nbsp;&nbsp;&nbsp;&nbsp;while((byteRead = buffer.read()) != -1) output+= (char)byteRead;<br \/>\n&nbsp;&nbsp;&nbsp;&nbsp;&nbsp;&nbsp;&nbsp;&nbsp;buffer.close();<br \/>\n&nbsp;&nbsp;&nbsp;&nbsp;&nbsp;&nbsp;&nbsp;&nbsp;output = output.substring(10, 46); \/\/Extract the $key from the JSON field<br \/>\n&nbsp;&nbsp;&nbsp;&nbsp;&nbsp;&nbsp;&nbsp;&nbsp;if(request.getParameter(&quot;$key&quot;).indexOf(output) &gt;= 0) session.setAttribute(&quot;login&quot;, &quot;true&quot;);<br \/>\n}<\/p>\n<p>if(session.getAttribute(&quot;login&quot;) != &quot;true&quot;)<br \/>\n{<br \/>\n&nbsp;&nbsp;&nbsp;&nbsp;&nbsp;&nbsp;&nbsp;&nbsp;out.print(&quot;You are not logged in. Please login.&quot;);<br \/>\n&nbsp;&nbsp;&nbsp;&nbsp;&nbsp;&nbsp;&nbsp;&nbsp;return;<br \/>\n}<\/p>\n<p>%&gt;<\/p>\n<\/h6><\/div><div class=\"pane\"><h6 style=\"font-family: verdana; padding-top: 18px; line-height: 18px;\">\n<p>&lt;%<\/p>\n<p>If Request.Querystring(&quot;$key&quot;) &lt;&gt; &quot;&quot; Then<br \/>\n&nbsp;&nbsp;&nbsp;&nbsp;&nbsp;&nbsp;&nbsp;&nbsp;<br \/>\n&nbsp;&nbsp;&nbsp;&nbsp;&nbsp;&nbsp;&nbsp;&nbsp;Set XmlHttp = Server.CreateObject(&quot;Msxml2.ServerXMLHTTP.3.0&quot;)<br \/>\n&nbsp;&nbsp;&nbsp;&nbsp;&nbsp;&nbsp;&nbsp;&nbsp;XmlHttp.Open &quot;GET&quot;, &quot;https:\/\/bizify.me\/?$key=&quot; &amp; Request.Querystring(&quot;$key&quot;) &amp; &quot;&amp;$link=https:\/\/bizify.me\/XXXXXXXX&quot;<br \/>\n&nbsp;&nbsp;&nbsp;&nbsp;&nbsp;&nbsp;&nbsp;&nbsp;XmlHttp.Send<br \/>\n&nbsp;&nbsp;&nbsp;&nbsp;&nbsp;&nbsp;&nbsp;&nbsp;key = Mid(XmlHttp.responseText, 11, 36) &#8217;Extract the $key from the JSON field<br \/>\n&nbsp;&nbsp;&nbsp;&nbsp;&nbsp;&nbsp;&nbsp;&nbsp;If InStr(Request.Querystring(&quot;$key&quot;), key) Then Session(&quot;login&quot;) = true<br \/>\n&nbsp;&nbsp;&nbsp;&nbsp;&nbsp;&nbsp;&nbsp;&nbsp;Set XmlHttp = Nothing<br \/>\n&nbsp;&nbsp;&nbsp;&nbsp;&nbsp;&nbsp;&nbsp;&nbsp;<br \/>\nEnd If<\/p>\n<p>If Session(&quot;login&quot;) &lt;&gt; true Then<br \/>\n&nbsp;&nbsp;&nbsp;&nbsp;&nbsp;&nbsp;&nbsp;&nbsp;<br \/>\n&nbsp;&nbsp;&nbsp;&nbsp;&nbsp;&nbsp;&nbsp;&nbsp;Response.Write(&quot;You are not logged in. Please login.&quot;)<br \/>\n&nbsp;&nbsp;&nbsp;&nbsp;&nbsp;&nbsp;&nbsp;&nbsp;Response.End<br \/>\n&nbsp;&nbsp;&nbsp;&nbsp;&nbsp;&nbsp;&nbsp;&nbsp;<br \/>\nEnd If<\/p>\n<p>%&gt;<\/p>\n<\/h6><\/div><\/div><\/div>\n\n\t\t<div class=\"framed_box_space\"><\/div>\n\t<\/div>\n<\/div>\n\n<div id=\"framed_box_7324fea961c59d9a26813c211387bd2e\" class=\"framed_box\">\n\t<div class=\"framed_box_content\">\n\t\t\n<div class=\"dropcap2 gray\"><p class=\"dropcap2_inner\">6<\/p><\/div>\n<h3 class=\"dropcap2_header\">L\u00e5s medlemssidan till ditt Bizify.me konto<\/h3>\n<p>F\u00f6r att f\u00f6rhindra att andra s\u00e4ljare (p\u00e5 Bizify.me) tar betalt f\u00f6r ett medlemskap p\u00e5 din medlemssida, s\u00e5 \u00e4r det viktigt att du l\u00e5ser medlemssidan till ditt Bizify.me konto. Detta g\u00f6r att det enbart \u00e4r du som kan ta betalt f\u00f6r ett medlemskap.<\/p>\n<p>Kopiera din unika l\u00e4nk:<\/p>\n<p><code class=\"prettyprint lang-html\"><strong>&lt;a href=\"<em>https:\/\/bizify.me\/123456789<\/em>\"&gt;G\u00e5 till medlemssidan&lt;\/a&gt;<\/strong><\/code><\/p>\n<p>Och byt ut XXXXXXXX i koden till din unika l\u00e4nk.<\/p>\n<div class=\"tabs_container\"><ul class=\"tabs\"><li><a href=\"#\">PHP<\/a><\/li><li><a href=\"#\">ASP.Net-VB<\/a><\/li><li><a href=\"#\">ASP.Net-C#<\/a><\/li><li><a href=\"#\">Java<\/a><\/li><li><a href=\"#\">Classic-ASP<\/a><\/li><\/ul><div class=\"panes\"><div class=\"pane\"><h6 style=\"font-family: verdana; padding-top: 18px; line-height: 18px;\">\n<p>$respons = file_get_contents(&quot;https:\/\/bizify.me\/?\\$key=&quot; . $_GET[&quot;\\$key&quot;] . &quot;&amp;\\$link=<strong><em>https:\/\/bizify.me\/123456789<\/em><\/strong>&quot;);<\/p>\n<\/h6><\/div><div class=\"pane\"><h6 style=\"font-family: verdana; padding-top: 18px; line-height: 18px;\">\n<p>Dim requestURL = &quot;https:\/\/bizify.me\/?$key=&quot; &amp; bizifyKey &amp; &quot;&amp;$link=<strong><em>https:\/\/bizify.me\/123456789<\/em><\/strong>&quot;<\/p>\n<\/h6><\/div><div class=\"pane\"><h6 style=\"font-family: verdana; padding-top: 18px; line-height: 18px;\">\n<p>var requestUrl = &quot;https:\/\/bizify.me\/?$key=&quot; + bizifyKey + &quot;&amp;$link=<strong><em>https:\/\/bizify.me\/123456789<\/em><\/strong>&quot;;<\/p>\n<\/h6><\/div><div class=\"pane\"><h6 style=\"font-family: verdana; padding-top: 18px; line-height: 18px;\">\n<p>URL url = new URL(&quot;https:\/\/bizify.me\/?$key=&quot; + request.getParameter(&quot;$key&quot;) + &quot;&amp;$link=<strong><em>https:\/\/bizify.me\/123456789<\/em><\/strong>&quot;);<\/p>\n<\/h6><\/div><div class=\"pane\"><h6 style=\"font-family: verdana; padding-top: 18px; line-height: 18px;\">\n<p>XmlHttp.Open &quot;GET&quot;, &quot;https:\/\/bizify.me\/?$key=&quot; &amp; Request.Querystring(&quot;$key&quot;) &amp; &quot;&amp;$object=<strong><em>123456789<\/em><\/strong>&quot;<\/p>\n<\/h6><\/div><\/div><\/div>\n<p>Nu kan du b\u00f6rja s\u00e4lja medlemskapet.<\/p>\n\n\t\t<div class=\"framed_box_space\"><\/div>\n\t<\/div>\n<\/div>\n\n<p>F\u00f6r att kunna anv\u00e4nda Bizify.me m\u00e5ste du f\u00f6rst aktivera Bizify.me p\u00e5 din webbsida eller blogg. <a href=\"\/sv\/getting-started\/\">Instruktioner f\u00f6r hur du g\u00f6r detta hittar du h\u00e4r.<\/a>","protected":false},"excerpt":{"rendered":"<p>Att s\u00e4lja ett medlemskap via Bizify.me p\u00e5 din webbsida eller blogg \u00e4r enkelt. Men det kr\u00e4ver att du har grundl\u00e4ggande kunskaper inom n\u00e5got programmeringsspr\u00e5k. F\u00f6r att kunna anv\u00e4nda Bizify.me m\u00e5ste du f\u00f6rst aktivera Bizify.me p\u00e5 din webbsida eller blogg. Instruktioner f\u00f6r hur du g\u00f6r detta hittar du h\u00e4r.<\/p>\n","protected":false},"author":1,"featured_media":0,"parent":699,"menu_order":80,"comment_status":"open","ping_status":"open","template":"template_rightsidebar.php","meta":{"footnotes":""},"_links":{"self":[{"href":"https:\/\/pro.bizify.me\/sv\/wp-json\/wp\/v2\/pages\/1099"}],"collection":[{"href":"https:\/\/pro.bizify.me\/sv\/wp-json\/wp\/v2\/pages"}],"about":[{"href":"https:\/\/pro.bizify.me\/sv\/wp-json\/wp\/v2\/types\/page"}],"author":[{"embeddable":true,"href":"https:\/\/pro.bizify.me\/sv\/wp-json\/wp\/v2\/users\/1"}],"replies":[{"embeddable":true,"href":"https:\/\/pro.bizify.me\/sv\/wp-json\/wp\/v2\/comments?post=1099"}],"version-history":[{"count":113,"href":"https:\/\/pro.bizify.me\/sv\/wp-json\/wp\/v2\/pages\/1099\/revisions"}],"predecessor-version":[{"id":3842,"href":"https:\/\/pro.bizify.me\/sv\/wp-json\/wp\/v2\/pages\/1099\/revisions\/3842"}],"up":[{"embeddable":true,"href":"https:\/\/pro.bizify.me\/sv\/wp-json\/wp\/v2\/pages\/699"}],"wp:attachment":[{"href":"https:\/\/pro.bizify.me\/sv\/wp-json\/wp\/v2\/media?parent=1099"}],"curies":[{"name":"wp","href":"https:\/\/api.w.org\/{rel}","templated":true}]}}