{"id":128,"date":"2011-08-19T18:05:14","date_gmt":"2011-08-19T17:05:14","guid":{"rendered":"http:\/\/www.klmedia.se\/?page_id=128"},"modified":"2022-04-13T11:28:29","modified_gmt":"2022-04-13T11:28:29","slug":"help","status":"publish","type":"page","link":"https:\/\/pro.bizify.me\/sv\/help\/","title":{"rendered":"Hj\u00e4lp"},"content":{"rendered":"H\u00e4r hittar du de vanligaste fr\u00e5gorna g\u00e4llande Bizify.me<\/p>\n<div class=\"toggle toggle_left\"><h4 class=\"toggle_title\"><i class=\"toggle_icon\"><\/i><span class=\"toggle-title\">Hur kommer jag ig\u00e5ng?<\/span><\/h4><div class=\"toggle_content\"><p>Om du anv\u00e4nder en dator, eller vill s\u00e4lja n\u00e5got annat \u00e4n bilder\/videos s\u00e5 skapar du ett konto genom att klicka p\u00e5 &#8221;Skapa konto&#8221; i menyn ovan. Efter att du skapat kontot loggar du in p\u00e5 ditt nya konto och fyller i dina personuppgifter under &#8221;Inst\u00e4llningar&#8221;. N\u00e4r detta \u00e4r klart \u00e4r du redo att b\u00f6rja s\u00e4lja dina egna digitala produkter! Klicka bara p\u00e5 &#8221;Nytt objekt&#8221; och f\u00f6lj instruktionerna.<\/p>\n<p>F\u00f6r att ladda upp och priss\u00e4tta ett objekt direkt fr\u00e5n din mobil\/surfplatta kan du anv\u00e4nda v\u00e5r gratisapp &#8221;Bizify.me&#8221;. Du hittar appen p\u00e5 App Store och Google Play. N\u00e4r du laddat hem appen, skapar du ett konto i appen, loggar in och fyller i dina personuppgifter. Sedan klickar du bara p\u00e5 kamerasymbolen f\u00f6r att ladda upp din nya bild\/video.<\/p>\n<p><em>De produkter som laddas upp via appen\/datorn hamnar automatiskt p\u00e5 din kostnadsfria profilsida och blir tillg\u00e4ngliga till f\u00f6rs\u00e4ljning.<\/em><\/p><\/div><\/div>\n<div class=\"toggle toggle_left\"><h4 class=\"toggle_title\"><i class=\"toggle_icon\"><\/i><span class=\"toggle-title\">\u00c4r Bizify.me gratis att anv\u00e4nda och hur stor del av int\u00e4kterna beh\u00e5ller jag?<\/span><\/h4><div class=\"toggle_content\"><p>P\u00e5 Bizify.me betalar du inga startavgifter, inga m\u00e5nadsavgifter och inga fasta transaktionsavgifter. Du f\u00e5r tillg\u00e5ng till alla funktioner utan extra kostnad \u2013 och du beh\u00e5ller alltid 70 % av int\u00e4kterna.<\/p><\/div><\/div>\n<div class=\"toggle toggle_left\"><h4 class=\"toggle_title\"><i class=\"toggle_icon\"><\/i><span class=\"toggle-title\">M\u00e5ste jag ha tillg\u00e5ng till en webbsida eller blogg f\u00f6r att kunna anv\u00e4nda Bizify.me som en s\u00e4ljare?<\/span><\/h4><div class=\"toggle_content\"><p>Nej, om du inte har en webbsida eller blogg kan du anv\u00e4nda din Bizify.me profil f\u00f6r att s\u00e4lja dina objekt. Vi tillhandah\u00e5ller \u00e4ven en adress till din profil kostnadsfritt.<\/p><\/div><\/div>\n<div class=\"toggle toggle_left\"><h4 class=\"toggle_title\"><i class=\"toggle_icon\"><\/i><span class=\"toggle-title\">Kan jag anv\u00e4nda Bizify.me p\u00e5 vilken webbsida som helst?<\/span><\/h4><div class=\"toggle_content\"><p>Du kan anv\u00e4nda Bizify.me p\u00e5 vilken webbsida som helst, under f\u00f6ruts\u00e4ttning att du kan l\u00e4gga in JavaScript p\u00e5 webbsidan.<\/p><\/div><\/div>\n<div class=\"toggle toggle_left\"><h4 class=\"toggle_title\"><i class=\"toggle_icon\"><\/i><span class=\"toggle-title\">Kan jag anv\u00e4nda Bizify.me p\u00e5 min personliga blogg?<\/span><\/h4><div class=\"toggle_content\"><p>Du kan anv\u00e4nda Bizify.me p\u00e5 din personliga blogg, under f\u00f6ruts\u00e4ttning att du kan l\u00e4gga in JavaScript p\u00e5 bloggen.<\/p><\/div><\/div>\n<div class=\"toggle toggle_left\"><h4 class=\"toggle_title\"><i class=\"toggle_icon\"><\/i><span class=\"toggle-title\">Den bloggplattform som jag bloggar p\u00e5 till\u00e5ter inte att jag l\u00e4gger in JavaScript. Hur g\u00f6r jag d\u00e5?<\/span><\/h4><div class=\"toggle_content\"><p>Kontakta den som \u00e4ger bloggplattformen och be dem inkludera nedanst\u00e5ende JavaScript i sin bloggplattform.<\/p>\n<p>N\u00e4r detta \u00e4r ordnat kommer du att kunna anv\u00e4nda Bizify.me p\u00e5 din blogg.<\/p>\n<p><code class=\"prettyprint lang-html\"><strong>&lt;script type=\"text\/javascript\" src=\"http:\/\/js.bizify.me\/1.1\/\" defer=\"defer\"&gt;&lt;\/script&gt;<\/strong><\/code><\/p><\/div><\/div>\n<div class=\"toggle toggle_left\"><h4 class=\"toggle_title\"><i class=\"toggle_icon\"><\/i><span class=\"toggle-title\">Vilka valutor st\u00f6der Bizify.me och fr\u00e5n vilka l\u00e4nder kan man betala med betalkort och SMS?<\/span><\/h4><div class=\"toggle_content\"><p>Bizify.me st\u00f6der f\u00f6r n\u00e4rvarande betalning via VISA och MasterCard i SEK, EUR, USD, GBP, RUB, JPY, NOK, DKK. Bizify.me st\u00f6der \u00e4ven betalning via mobiltelefon i vissa l\u00e4nder.<\/p><\/div><\/div>\n<div class=\"toggle toggle_left\"><h4 class=\"toggle_title\"><i class=\"toggle_icon\"><\/i><span class=\"toggle-title\">Vilken typ av digitala produkter \u00e4r till\u00e5tet att s\u00e4lja via Bizify.me?<\/span><\/h4><div class=\"toggle_content\"><p>Det \u00e4r till\u00e5tet att s\u00e4lja alla typer av digitala produkter, f\u00f6rutsatt att produkten inte bryter mot svensk lag. Observera att det enbart \u00e4r till\u00e5tet att s\u00e4lja produkter som du sj\u00e4lv \u00e4ger upphovsr\u00e4tten till, eller har tillst\u00e5nd att s\u00e4lja vidare.<br \/>\nVi har sammanst\u00e4llt en lista p\u00e5 de produkter som \u00e4r f\u00f6rbjudet att s\u00e4lja samt vilka produkter som till\u00e5ts med restriktioner.<br \/>\n<a title=\"Policy g\u00e4llande betalning via Bizify.me\" href=\"https:\/\/www.bizify.me\/sv\/policy-regarding-payment-via-bizify-me\/\">Klicka h\u00e4r f\u00f6r att se f\u00f6rbjudna produkter samt produkter med restriktioner.<\/a><\/p><\/div><\/div>\n<div class=\"toggle toggle_left\"><h4 class=\"toggle_title\"><i class=\"toggle_icon\"><\/i><span class=\"toggle-title\">N\u00e4r kan jag beg\u00e4ra en utbetalning?<\/span><\/h4><div class=\"toggle_content\"><p>Du kan beg\u00e4ra en utbetalning efter varje m\u00e5nadsskifte, inkomsterna fr\u00e5n f\u00f6reg\u00e5ende m\u00e5nad kommer d\u00e5 att betalas ut den 20:e och du kommer att ha pengarna p\u00e5 ditt bankkonto senast den 24:e.<\/p><\/div><\/div>\n<div class=\"toggle toggle_left\"><h4 class=\"toggle_title\"><i class=\"toggle_icon\"><\/i><span class=\"toggle-title\">M\u00e5ste jag ha ett f\u00f6retag f\u00f6r att s\u00e4lja digitala produkter via Bizify.me?<\/span><\/h4><div class=\"toggle_content\"><p>Om du inte driver ett eget f\u00f6retag s\u00e5 kan vi efter godk\u00e4nd granskning erbjuda dig en anst\u00e4llning d\u00e4r vi sk\u00f6ter alla dina skatteinbetalningar vilket inneb\u00e4r att du f\u00e5r din inkomst utbetald som l\u00f6n.<\/p><\/div><\/div>\n<div class=\"toggle toggle_left\"><h4 class=\"toggle_title\"><i class=\"toggle_icon\"><\/i><span class=\"toggle-title\">Kan jag s\u00e4lja digitala produkter till f\u00f6retag via Bizify.me?<\/span><\/h4><div class=\"toggle_content\"><p>Bizify.me ger dig som s\u00e4ljare m\u00f6jlighet att enbart s\u00e4lja dina digitala produkter till vanliga konsumenter. \u00c4ven om f\u00f6retag rent praktiskt sett har m\u00f6jlighet att k\u00f6pa en av dina digitala produkter s\u00e5 \u00e4r det inget vi st\u00f6der officiellt sett.<\/p><\/div><\/div>\n<div class=\"toggle toggle_left\"><h4 class=\"toggle_title\"><i class=\"toggle_icon\"><\/i><span class=\"toggle-title\">Finns det m\u00f6jlighet att dela int\u00e4kter med fler personer?<\/span><\/h4><div class=\"toggle_content\"><p>Ja, om det \u00e4r fler personer som \u00e4r involverade i framtagandet av en digital produkt kan dessa v\u00e4lja att dela p\u00e5 inkomsterna fr\u00e5n de specifika produkterna.<\/p><\/div><\/div>\n<div class=\"toggle toggle_left\"><h4 class=\"toggle_title\"><i class=\"toggle_icon\"><\/i><span class=\"toggle-title\">Vad h\u00e4nder med de digitala produkter som jag laddar upp om jag sedan \u00e5ngrar mig och raderar dem?<\/span><\/h4><div class=\"toggle_content\"><p>Om du raderar dina produkter s\u00e5 \u00e4r de borta, inget inneh\u00e5ll sprids vidare av oss, \u00e5ters\u00e4ljs eller sparas p\u00e5 v\u00e5ra servrar.<\/p><\/div><\/div>\n<div class=\"toggle toggle_left\"><h4 class=\"toggle_title\"><i class=\"toggle_icon\"><\/i><span class=\"toggle-title\">Varf\u00f6r h\u00e4nder det inget n\u00e4r jag klickar p\u00e5 den bild eller det videoklipp som jag lagt in p\u00e5 min webbsida?<\/span><\/h4><div class=\"toggle_content\"><p>Med st\u00f6rsta sannolikhet har du gl\u00f6mt bort att l\u00e4gga in en l\u00e4nk till det JavaScript som kr\u00e4vs f\u00f6r att Bizify.me skall fungera p\u00e5 din webbsida. L\u00e4gg in f\u00f6ljande JavaScript p\u00e5 din webbsida:<\/p>\n<p><code class=\"prettyprint lang-html\"><strong>&lt;script type=\"text\/javascript\" src=\"http:\/\/js.bizify.me\/1.1\/\" defer=\"defer\"&gt;&lt;\/script&gt;<\/strong><\/code><\/p>\n<p>Vi rekommenderar att du i f\u00f6rsta hand l\u00e4gger JavaScriptet i sidfoten p\u00e5 din webbsida. \u00c4r detta inte \u00e4r m\u00f6jligt, s\u00e5 kan du dock l\u00e4gga JavaScriptet vart som helst p\u00e5 webbsidan.<\/p><\/div><\/div>\n<div class=\"toggle toggle_left\"><h4 class=\"toggle_title\"><i class=\"toggle_icon\"><\/i><span class=\"toggle-title\">M\u00e5ste jag ladda upp den bild eller det videoklipp som jag vill s\u00e4lja till Bizify.me's servrar?<\/span><\/h4><div class=\"toggle_content\"><p>Nej, du m\u00e5ste inte ladda upp bilden eller videoklippet till v\u00e5ra servrar. Men vi rekommenderar att du g\u00f6r detta d\u00e5 det ger dig en extra s\u00e4kerhet som s\u00e4ljare, och s\u00e4kerst\u00e4ller att bilden eller videoklippet alltid finns tillg\u00e4ngligt f\u00f6r f\u00f6rs\u00e4ljning.<\/p><\/div><\/div>\n<div class=\"toggle toggle_left\"><h4 class=\"toggle_title\"><i class=\"toggle_icon\"><\/i><span class=\"toggle-title\">St\u00f6der ni uppspelning av videoklipp och ljudfiler via HTML5-taggar?<\/span><\/h4><div class=\"toggle_content\"><p>Ja, vi st\u00f6der alla HTML5-taggar. Detta inneb\u00e4r att du exempelvis kan anv\u00e4nda b\u00e5de &lt;video&gt; och &lt;audio&gt; taggar.<\/p><\/div><\/div>\n<div class=\"toggle toggle_left\"><h4 class=\"toggle_title\"><i class=\"toggle_icon\"><\/i><span class=\"toggle-title\">St\u00f6der ni videouppspelning via iPhone och iPad?<\/span><\/h4><div class=\"toggle_content\"><p>Ja, det g\u00f6r vi. Om du laddar upp ett videoklipp till Bizify.me och v\u00e4ljer det alternativ som aktiverar videokonvertering, s\u00e5 kommer videoklippet automatiskt att konverteras om till MP4-format, och kan sedan spelas upp p\u00e5 b\u00e5de iPhone och iPad.<\/p>\n<p>V\u00e5r videospelare k\u00e4nner automatiskt av om videoklippet skall spelas upp via HTML5 eller Flash Player.<\/p><\/div><\/div>\n<div class=\"toggle toggle_left\"><h4 class=\"toggle_title\"><i class=\"toggle_icon\"><\/i><span class=\"toggle-title\">Kan jag s\u00e4lja ett PDF-dokument via Bizify.me?<\/span><\/h4><div class=\"toggle_content\"><p>Ja, det \u00e4r fullt m\u00f6jligt att s\u00e4lja ett PDF-dokument via Bizify.me<\/p>\n<p>Du kan \u00e4ven s\u00e4lja Microsoft Word-dokument och andra typer av digitala dokument.<\/p><\/div><\/div>\n<div class=\"toggle toggle_left\"><h4 class=\"toggle_title\"><i class=\"toggle_icon\"><\/i><span class=\"toggle-title\">Kan jag s\u00e4lja en ZIP-fil via Bizify.me?<\/span><\/h4><div class=\"toggle_content\"><p>Ja, det \u00e4r fullt m\u00f6jligt att s\u00e4lja en ZIP-fil via Bizify.me<\/p>\n<p>Du kan \u00e4ven s\u00e4lja RAR-filer eller andra typer av komprimerade filer.<\/p><\/div><\/div>\n<div class=\"toggle toggle_left\"><h4 class=\"toggle_title\"><i class=\"toggle_icon\"><\/i><span class=\"toggle-title\">Kan jag s\u00e4lja ljudfiler via Bizify.me?<\/span><\/h4><div class=\"toggle_content\"><p>Ja, det \u00e4r fullt m\u00f6jligt att s\u00e4lja ljudfiler via Bizify.me. Exempel p\u00e5 ljudfilsformat du kan s\u00e4lja \u00e4r MP3, AAC, WAV, etc.<\/p><\/div><\/div>\n<div class=\"toggle toggle_left\"><h4 class=\"toggle_title\"><i class=\"toggle_icon\"><\/i><span class=\"toggle-title\">Kan jag s\u00e4lja en applikation via Bizify.me?<\/span><\/h4><div class=\"toggle_content\"><p>Ja, det \u00e4r fullt m\u00f6jligt att s\u00e4lja en applikation via Bizify.me<\/p>\n<p>Skulle du mot f\u00f6rmodan uppt\u00e4cka att en filtyp inte g\u00e5r att s\u00e4lja via Bizify.me s\u00e5 ber vi dig <a href=\"\/sv\/contact\/\">kontakta oss<\/a> s\u00e5 l\u00e4gger vi in st\u00f6d f\u00f6r den efterfr\u00e5gade filtypen.<\/p><\/div><\/div>\n<div class=\"toggle toggle_left\"><h4 class=\"toggle_title\"><i class=\"toggle_icon\"><\/i><span class=\"toggle-title\">Vilka l\u00e4nder kan ni g\u00f6ra utbetalningar till?<\/span><\/h4><div class=\"toggle_content\"><p>Vi kan g\u00f6ra utbetalningar till ett stort antal l\u00e4nder. Nedan f\u00f6ljer en lista p\u00e5 de l\u00e4nder vi st\u00f6djer idag:<\/p>\n<p>Albania, Algeria, Andorra, Angola, Argentina, Armenia, Australia, Austria, Azerbaijan, Bahamas, Bahrain, Bangladesh, Barbados, Belarus, Belgium, Benin, Bermuda, Bhutan, Bolivia, Bosnia and Herzegovina, Botswana, Brazil, Brunei Darussalam, Bulgaria, Burkina Faso, Cambodia, Cameroon, Canada, Cape Verde, Central African Republic, Chad, Chile, China, Colombia, Costa Rica, Croatia, Cuba, Cyprus, Czech Republic, Denmark, Djibouti, Dominican Republic, Egypt, El Salvador, Equatorial Guinea, Estonia, Ethiopia, Faroe Islands, Fiji, Finland, France, Gabon, Gambia, Georgia, Germany, Ghana, Gibraltar, Great Britain, Greece, Greenland, Grenada, Guadeloupe, Guatemala, Guernsey, Guinea, Guinea-Bissau, Guyana, Haiti, Honduras, Hong Kong, Hungary, Iceland, India, Indonesia, Ireland, Isle of Man, Israel, Italy, Japan, Jersey, Jordan, Kazakhstan, Kenya, Republic of Korea, Kuwait, Lao People\u2019s Democratic Republic, Latvia, Lebanon, Lesotho, Liberia, Liechtenstein, Lithuania, Luxembourg, Macao, Macedonia, Madagascar, Malaysia, Mali, Malta, Martinique, Mauritania, Mauritius, Mexico, Republic of Moldova, Monaco, Mongolia, Montenegro, Morocco, Mozambique, Namibia, Nepal, Netherlands, New Zealand, Nicaragua, Niger, Norway, Oman, Pakistan, Palestine, State of, Panama, Papua New Guinea, Paraguay, Peru, Philippines, Poland, Portugal, Puerto Rico, Qatar, R\u00e9union, Romania, Russian Federation, Saint Kitts and Nevis, Saint Vincent and the Grenadines, San Marino, Saudi Arabia, Senegal, Serbia, Seychelles, Sierra Leone, Singapore, Slovakia, Slovenia, South Africa, Spain, Sri Lanka, Suriname, Swaziland, Sweden, Switzerland, Syrian Arab Republic, Taiwan, Tanzania, Thailand, Togo, Tonga, Trinidad and Tobago, Tunisia, Turkey, Uganda, Ukraine, United Arab Emirates, United States, Uruguay, Uzbekistan, Vanuatu, Venezuela, Vietnam, Virgin Islands, British, Zambia, Zimbabwe.<\/p><\/div><\/div>","protected":false},"excerpt":{"rendered":"<p>H\u00e4r hittar du de vanligaste fr\u00e5gorna g\u00e4llande Bizify.me<\/p>\n","protected":false},"author":1,"featured_media":0,"parent":0,"menu_order":30,"comment_status":"closed","ping_status":"closed","template":"","meta":{"footnotes":""},"_links":{"self":[{"href":"https:\/\/pro.bizify.me\/sv\/wp-json\/wp\/v2\/pages\/128"}],"collection":[{"href":"https:\/\/pro.bizify.me\/sv\/wp-json\/wp\/v2\/pages"}],"about":[{"href":"https:\/\/pro.bizify.me\/sv\/wp-json\/wp\/v2\/types\/page"}],"author":[{"embeddable":true,"href":"https:\/\/pro.bizify.me\/sv\/wp-json\/wp\/v2\/users\/1"}],"replies":[{"embeddable":true,"href":"https:\/\/pro.bizify.me\/sv\/wp-json\/wp\/v2\/comments?post=128"}],"version-history":[{"count":175,"href":"https:\/\/pro.bizify.me\/sv\/wp-json\/wp\/v2\/pages\/128\/revisions"}],"predecessor-version":[{"id":3952,"href":"https:\/\/pro.bizify.me\/sv\/wp-json\/wp\/v2\/pages\/128\/revisions\/3952"}],"wp:attachment":[{"href":"https:\/\/pro.bizify.me\/sv\/wp-json\/wp\/v2\/media?parent=128"}],"curies":[{"name":"wp","href":"https:\/\/api.w.org\/{rel}","templated":true}]}}