{"id":1407,"date":"2013-02-16T16:33:12","date_gmt":"2013-02-16T15:33:12","guid":{"rendered":"http:\/\/www.bizify.me\/?page_id=1407"},"modified":"2023-08-22T19:23:42","modified_gmt":"2023-08-22T19:23:42","slug":"privacy-policy","status":"publish","type":"page","link":"https:\/\/pro.bizify.me\/sv\/privacy-policy\/","title":{"rendered":"Sekretesspolicy"},"content":{"rendered":"<h2>Cookie policy<\/h2>\n<p>Denna integritetspolicy och cookie policy g\u00e4ller v\u00e5r webbplats samt den tj\u00e4nst som vi tillhandah\u00e5ller, varum\u00e4rkets sidor p\u00e5 plattformar hos tredje part (s\u00e5 som Facebook, Twitter och Google) samt de applikationer som vi erbjuder f\u00f6r nedladdning till din mobila enhet. Genom att bes\u00f6ka v\u00e5r webbplats och\/eller anv\u00e4nda dig av v\u00e5r tj\u00e4nst godk\u00e4nner du att vi anv\u00e4nder cookies (kakor). Om du inte godk\u00e4nner att vi anv\u00e4nder cookies b\u00f6r du \u00e4ndra din webbl\u00e4sares inst\u00e4llningar f\u00f6r cookies. F\u00f6r att v\u00e5r tj\u00e4nst ska fungera korrekt rekommenderar vi att du till\u00e5ter tredjepartscookies i din webbl\u00e4sare.<\/p>\n<p><strong>Vad \u00e4r cookies<\/strong><br \/>\nCookies \u00e4r mycket sm\u00e5 textfiler som laddas ner till din dator eller mobila enhet n\u00e4r du bes\u00f6ker en webbplats eller anv\u00e4nder en applikation. Kakor anv\u00e4nds f\u00f6r att ge dig som bes\u00f6kare tillg\u00e5ng till olika funktioner.<\/p>\n<p><strong>Vilken typ av cookies vi anv\u00e4nder<\/strong><br \/>\nP\u00e5 v\u00e5r webbplats anv\u00e4nder vi framf\u00f6r allt f\u00f6rstapartscookies. V\u00e5r tj\u00e4nst anv\u00e4nder i vissa fall \u00e4ven tredjepartscookies. I huvudsak \u00e4r de cookies som vi anv\u00e4nder s.k. sessioncookies, vilket inneb\u00e4r att kakorna f\u00f6rsvinner n\u00e4r du st\u00e4nger ned din webbl\u00e4sare.<\/p>\n<p><strong>Hur vi anv\u00e4nder cookies<\/strong><br \/>\nVi str\u00e4var st\u00e4ndigt efter att ge dig den b\u00e4sta m\u00f6jliga anv\u00e4ndarupplevelsen n\u00e4r du bes\u00f6ker v\u00e5r webbplats eller anv\u00e4nder dig av v\u00e5r tj\u00e4nst. Vi anv\u00e4nder d\u00e4rf\u00f6r cookies f\u00f6r att komma ih\u00e5g dina angivna inloggningsuppgifter under och mellan bes\u00f6ken samt f\u00f6r att till\u00e5ta samspel mellan v\u00e5r webbplats och sociala n\u00e4tverk som Facebook, Twitter och Google.<\/p>\n<p><strong>Sekretesspolicy<\/strong><br \/>\nGenom att bes\u00f6ka v\u00e5r webbplats eller anv\u00e4nda dig av v\u00e5r tj\u00e4nst, accepterar du och samtycker till de metoder som beskrivs i denna sekretesspolicy. Vi respekterar r\u00e4tten till integritet hos de anv\u00e4ndare som anv\u00e4nder sig av v\u00e5r tj\u00e4nst och inser vikten av att skydda den information som finns lagrad. V\u00e5r policy anger hur vi samlar, lagrar och anv\u00e4nder den information som du f\u00f6rser oss med.<\/p>\n<p><strong>Vilken personlig information samlar vi in<\/strong><br \/>\nVi samlar enbart in och lagrar den information som du tillhandah\u00e5llit till oss i samband med att du skapat ett anv\u00e4ndarkonto i v\u00e5r tj\u00e4nst eller uppdaterar dina uppgifter. Vi samlar ocks\u00e5 in och lagrar information om vilken enhet du anv\u00e4nder inklusive enhets-ID. Uppgifterna lagras s\u00e5 l\u00e4nge du har ett anv\u00e4ndarkonto hos oss.<\/p>\n<p><strong>Hur din personliga information kan anv\u00e4ndas<\/strong><br \/>\nVi anv\u00e4nder enbart din personliga information f\u00f6r behandling av best\u00e4llningar, betalningar, support\u00e4renden, och f\u00f6r verifiering av ditt konto. Vi kan ocks\u00e5 anv\u00e4nda informationen f\u00f6r att uppfylla och leverera betalningar. Om det finns en r\u00e4ttslig skyldighet, kan vi komma att n\u00f6dgas l\u00e4mna ut denna information till relevanta regleringsorgan.<br \/>\nVi lagrar aldrig n\u00e5gra kontokortsuppgifter och kommer inte att s\u00e4lja eller l\u00e4mna ut information till tredje part. Vi kan komma att anv\u00e4nda informationen f\u00f6r v\u00e5r interna marknadsf\u00f6ring samt f\u00f6r att f\u00f6rb\u00e4ttra v\u00e5r tj\u00e4nst s\u00e5 att vi b\u00e4ttre kan m\u00f6ta v\u00e5ra anv\u00e4ndares behov.<\/p>\n<p><strong>Hur du raderar ditt konto<\/strong><br \/>\nDu kan ta bort ditt konto genom att logga in p\u00e5 ditt konto och sedan g\u00e5 till <i>Inst\u00e4llningar<\/i> och sedan g\u00e5 till <i>\u00c4ndra l\u00f6senord<\/i> och klicka sedan p\u00e5 l\u00e4nken f\u00f6r att st\u00e4nga ditt konto. Ange sedan ditt l\u00f6senord och klicka sedan p\u00e5 <i>Radera konto<\/i>. N\u00e4r du raderar ditt konto kommer all personlig information inklusive information om dina enheter och enhets-ID att raderas.<\/p>\n<p><a href=\"https:\/\/www.bizify.me\/gdpr\/\"><strong>H\u00e4r hittar du mer utf\u00f6rlig information om v\u00e5r GDPR policy.<\/strong><\/a><\/p>\n<p>Har du n\u00e5gra fr\u00e5gor eller synpunkter eller om du vill ha hj\u00e4lp med att st\u00e4nga ditt konto \u00e4r du alltid v\u00e4lkommen att kontakta oss via v\u00e5rt <a title=\"Contact\" href=\"\/sv\/contact\/\"><strong>kontaktformul\u00e4r<\/strong><\/a>.","protected":false},"excerpt":{"rendered":"<p>Cookie policy Denna integritetspolicy och cookie policy g\u00e4ller v\u00e5r webbplats samt den tj\u00e4nst som vi tillhandah\u00e5ller, varum\u00e4rkets sidor p\u00e5 plattformar hos tredje part (s\u00e5 som Facebook, Twitter och Google) samt de applikationer som vi erbjuder f\u00f6r nedladdning till din mobila enhet. Genom att bes\u00f6ka v\u00e5r webbplats och\/eller anv\u00e4nda dig av v\u00e5r tj\u00e4nst godk\u00e4nner du att &#8230;<\/p>\n","protected":false},"author":1,"featured_media":0,"parent":0,"menu_order":60,"comment_status":"closed","ping_status":"closed","template":"","meta":{"footnotes":""},"_links":{"self":[{"href":"https:\/\/pro.bizify.me\/sv\/wp-json\/wp\/v2\/pages\/1407"}],"collection":[{"href":"https:\/\/pro.bizify.me\/sv\/wp-json\/wp\/v2\/pages"}],"about":[{"href":"https:\/\/pro.bizify.me\/sv\/wp-json\/wp\/v2\/types\/page"}],"author":[{"embeddable":true,"href":"https:\/\/pro.bizify.me\/sv\/wp-json\/wp\/v2\/users\/1"}],"replies":[{"embeddable":true,"href":"https:\/\/pro.bizify.me\/sv\/wp-json\/wp\/v2\/comments?post=1407"}],"version-history":[{"count":61,"href":"https:\/\/pro.bizify.me\/sv\/wp-json\/wp\/v2\/pages\/1407\/revisions"}],"predecessor-version":[{"id":3994,"href":"https:\/\/pro.bizify.me\/sv\/wp-json\/wp\/v2\/pages\/1407\/revisions\/3994"}],"wp:attachment":[{"href":"https:\/\/pro.bizify.me\/sv\/wp-json\/wp\/v2\/media?parent=1407"}],"curies":[{"name":"wp","href":"https:\/\/api.w.org\/{rel}","templated":true}]}}