{"id":1557,"date":"2013-03-18T17:14:04","date_gmt":"2013-03-18T17:14:04","guid":{"rendered":"https:\/\/www.bizify.me\/?page_id=1557"},"modified":"2020-06-08T07:55:39","modified_gmt":"2020-06-08T07:55:39","slug":"dmca","status":"publish","type":"page","link":"https:\/\/pro.bizify.me\/sv\/dmca\/","title":{"rendered":"DMCA"},"content":{"rendered":"<div class=\"one_half\"><h3>Digital Millennium Copyright Act<\/h3>\n<p>Beskriv s\u00e5 detaljerat som m\u00f6jligt det upphovsr\u00e4ttsskyddade verk som du anser att n\u00e5gon har gjort intr\u00e5ng i. Vi ber dig vara s\u00e5 specifik som m\u00f6jligt n\u00e4r du anger var materialet som p\u00e5st\u00e5s g\u00f6ra intr\u00e5ng finns. Oftast vill vi att du anger de specifika webbadresser som du menar g\u00f6r intr\u00e5ng, inte adresser till webbplatser. Om du anger r\u00e4tt information kan vi unders\u00f6ka saken snabbare.<\/p>\n<p>Ange kontaktuppgifter s\u00e5 att vi kan kontakta dig. Vi beh\u00f6ver din e-postadress, telefonnummer samt din postadress.<\/p>\n<p>Ange om m\u00f6jligt information s\u00e5 att vi kan meddela webbplatsens \u00e4gare\/administrat\u00f6r om att digitala objekt eller annat inneh\u00e5ll p\u00e5st\u00e5s inneh\u00e5lla material som g\u00f6r intr\u00e5ng.<\/p>\n<p>Inkludera f\u00f6ljande text: &#8221;Jag har anledning att tro att bruk av det upphovsr\u00e4ttsskyddade materialet som p\u00e5st\u00e5s g\u00f6ra intr\u00e5ng enligt ovan inte har godk\u00e4nts av upphovsr\u00e4ttsinnehavaren eller dennes agent eller har st\u00f6d i lagen&#8221;.<\/p>\n<p>Inkludera f\u00f6ljande text: &#8221;Jag sv\u00e4r, medveten om p\u00e5f\u00f6ljden f\u00f6r mened, att informationen i denna anm\u00e4lan \u00e4r riktig och att jag \u00e4ger upphovsr\u00e4tten som jag anser har utsatts f\u00f6r intr\u00e5ng, eller \u00e4r beh\u00f6rig att agera \u00e5 \u00e4garens v\u00e4gnar&#8221;.<br \/><\/div>\n<div class=\"one_half last\"><h3>Skicka anm\u00e4lan<\/h3>\n<div class=\"contact_form_wrap\">\n\t<div class=\"success\" style=\"display:none;\"><div class=\"message_box_content\">Vi har mottagit din anm\u00e4lan!<\/div><\/div> \n\t<form class=\"contact_form\" action=\"\/sv\/wp-json\/wp\/v2\/pages\/1557\" method=\"post\" novalidate=\"novalidate\">\n\t\t<p><input type=\"text\" required=\"required\" id=\"contact_1084_name\" name=\"contact_1084_name\" class=\"text_input\" value=\"\" tabindex=\"5\" \/>\n\t\t<label for=\"contact_1084_name\">Namn*<\/label><\/p>\n\t\t<p><input type=\"email\" required=\"required\" id=\"contact_1084_email\" name=\"contact_1084_email\" class=\"text_input\" value=\"\" tabindex=\"6\"  \/>\n\t\t<label for=\"contact_1084_email\">E-post*<\/label><\/p>\n\t\t<p><textarea required=\"required\" name=\"contact_1084_content\" class=\"textarea\" cols=\"30\" rows=\"5\" tabindex=\"7\"><\/textarea><\/p>\n\t\t\n\t\t<p><button  type=\"submit\" class=\"button white\" tabindex=\"7\"><span>Skicka<\/span><\/button><\/p>\n\t\t<input type=\"hidden\" value=\"1\" name=\"theme_contact_form_submit\"\/>\n\t\t<input type=\"hidden\" value=\"1084\" name=\"contact_widget_id\"\/>\n\t\t<input type=\"hidden\" value=\"support*bizify.me\" name=\"contact_1084_to\"\/>\n\t<\/form>\n<\/div><\/div><div class=\"clearboth\"><\/div>","protected":false},"excerpt":{"rendered":"","protected":false},"author":1,"featured_media":0,"parent":0,"menu_order":70,"comment_status":"closed","ping_status":"closed","template":"","meta":{"footnotes":""},"_links":{"self":[{"href":"https:\/\/pro.bizify.me\/sv\/wp-json\/wp\/v2\/pages\/1557"}],"collection":[{"href":"https:\/\/pro.bizify.me\/sv\/wp-json\/wp\/v2\/pages"}],"about":[{"href":"https:\/\/pro.bizify.me\/sv\/wp-json\/wp\/v2\/types\/page"}],"author":[{"embeddable":true,"href":"https:\/\/pro.bizify.me\/sv\/wp-json\/wp\/v2\/users\/1"}],"replies":[{"embeddable":true,"href":"https:\/\/pro.bizify.me\/sv\/wp-json\/wp\/v2\/comments?post=1557"}],"version-history":[{"count":19,"href":"https:\/\/pro.bizify.me\/sv\/wp-json\/wp\/v2\/pages\/1557\/revisions"}],"predecessor-version":[{"id":3857,"href":"https:\/\/pro.bizify.me\/sv\/wp-json\/wp\/v2\/pages\/1557\/revisions\/3857"}],"wp:attachment":[{"href":"https:\/\/pro.bizify.me\/sv\/wp-json\/wp\/v2\/media?parent=1557"}],"curies":[{"name":"wp","href":"https:\/\/api.w.org\/{rel}","templated":true}]}}