{"id":1837,"date":"2013-05-12T07:28:42","date_gmt":"2013-05-12T07:28:42","guid":{"rendered":"https:\/\/www.bizify.me\/?page_id=1837"},"modified":"2018-10-29T09:46:08","modified_gmt":"2018-10-29T09:46:08","slug":"pricing","status":"publish","type":"page","link":"https:\/\/pro.bizify.me\/sv\/pricing\/","title":{"rendered":"Pris och funktioner"},"content":{"rendered":"<div style=\"margin-bottom: 30px;\">P\u00e5 Bizify.me tror vi p\u00e5 enkelhet. D\u00e4rf\u00f6r betalar du inga startavgifter, inga m\u00e5nadsavgifter, inga fasta transaktionsavgifter \u2014 <strong>och du beh\u00e5ller alltid 70 % av int\u00e4kterna<\/strong>. Du f\u00e5r \u00e4ven tillg\u00e5ng till alla funktioner utan extra kostnader. Hur st\u00e5r vi oss i j\u00e4mf\u00f6relse med andra tj\u00e4nster? J\u00e4mf\u00f6r sj\u00e4lv!<\/div>\n<table class=\"pricing\" width=\"100%\">\n<tbody>\n<tr>\n<th width=\"24%\">Standardavgifter<\/th>\n<th width=\"26%\">Bizify.me<\/th>\n<th width=\"25%\">Apple App Store<\/th>\n<th width=\"25%\">Google Play Store<\/th>\n<\/tr>\n<tr>\n<td>\u00c5rsavgift<\/td>\n<td class=\"pricing_green\">0.00 SEK<\/td>\n<td class=\"pricing_red\">650.00 SEK \u00e5rlig avgift<\/td>\n<td class=\"pricing_red\">160 SEK eng\u00e5ngsavgift<\/td>\n<\/tr>\n<tr>\n<td>Transaktionsavgift<\/td>\n<td class=\"pricing_green\">Du beh\u00e5ller 70 % av int\u00e4kterna<\/td>\n<td class=\"pricing_green\">Du beh\u00e5ller 70 % av int\u00e4kterna<\/td>\n<td class=\"pricing_green\">Du beh\u00e5ller 70 % av int\u00e4kterna<\/td>\n<\/tr>\n<tr>\n<td>Avgift f\u00f6r mikrobetalningar<\/td>\n<td class=\"pricing_green\">Du beh\u00e5ller 70 % av int\u00e4kterna<\/td>\n<td class=\"pricing_red\">Inget st\u00f6d f\u00f6r mikrobetalningar<\/td>\n<td class=\"pricing_red\">Inget st\u00f6d f\u00f6r mikrobetalningar<\/td>\n<\/tr>\n<\/tbody>\n<\/table>\n<table class=\"pricing\" width=\"100%\">\n<tbody>\n<tr>\n<th width=\"24%\">\u00d6vriga avgifter<\/th>\n<th width=\"26%\"><\/th>\n<th width=\"25%\"><\/th>\n<th width=\"25%\"><\/th>\n<\/tr>\n<tr>\n<td>\u00c5terbetalningsavgift<\/td>\n<td class=\"pricing_green\">0.00 SEK<\/td>\n<td class=\"pricing_green\">0.00 SEK<\/td>\n<td class=\"pricing_green\">0.00 SEK<\/td>\n<\/tr>\n<tr>\n<td>Chargeback-avgift<\/td>\n<td class=\"pricing_green\">0.00 SEK<\/td>\n<td class=\"pricing_red\">Obegr\u00e4nsad avgift<\/td>\n<td class=\"pricing_red\">Obegr\u00e4nsad avgift<\/td>\n<\/tr>\n<tr>\n<td>Risk f\u00f6r bedr\u00e4geri<\/td>\n<td class=\"pricing_green\">Nej\u00a0\u00b9<\/td>\n<td class=\"pricing_red\">Ja<\/td>\n<td class=\"pricing_red\">Ja<\/td>\n<\/tr>\n<\/tbody>\n<\/table>\n<table class=\"pricing\" width=\"100%\">\n<tbody>\n<tr>\n<th width=\"24%\">Viktiga funktioner<\/th>\n<th width=\"26%\"><\/th>\n<th width=\"25%\"><\/th>\n<th width=\"25%\"><\/th>\n<\/tr>\n<tr>\n<td>Mikrobetalningar<\/td>\n<td class=\"pricing_green\">Ja<\/td>\n<td class=\"pricing_red\">Inget st\u00f6d<\/td>\n<td class=\"pricing_red\">Inget st\u00f6d<\/td>\n<\/tr>\n<tr>\n<td>\u00c5terkommande betalningar<\/td>\n<td class=\"pricing_green\">Ja<\/td>\n<td class=\"pricing_green\">Ja<\/td>\n<td class=\"pricing_green\">Ja<\/td>\n<\/tr>\n<tr>\n<td>Donationer<\/td>\n<td class=\"pricing_green\">Ja<\/td>\n<td class=\"pricing_red\">Nej<\/td>\n<td class=\"pricing_red\">Nej<\/td>\n<\/tr>\n<tr>\n<td>Betalning via bank-\/kreditkort<\/td>\n<td class=\"pricing_green\">Ja<\/td>\n<td class=\"pricing_green\">Ja<\/td>\n<td class=\"pricing_green\">Ja<\/td>\n<\/tr>\n<tr>\n<td>Betalning via mobiltelefon (SMS)<\/td>\n<td class=\"pricing_green\">Ja<\/td>\n<td class=\"pricing_red\">Nej<\/td>\n<td class=\"pricing_red\">Nej<\/td>\n<\/tr>\n<tr>\n<td>Betalning via bank (Swish)<\/td>\n<td class=\"pricing_green\">Ja<\/td>\n<td class=\"pricing_red\">Nej<\/td>\n<td class=\"pricing_red\">Nej<\/td>\n<\/tr>\n<tr>\n<td>Dela int\u00e4kter mellan v\u00e4nner<\/td>\n<td class=\"pricing_green\">Ja<\/td>\n<td class=\"pricing_red\">Nej<\/td>\n<td class=\"pricing_red\">Nej<\/td>\n<\/tr>\n<\/tbody>\n<\/table>\n<div class=\"pricing_note\">\n<p>1. Bizify.me eliminerar risken f\u00f6r bedr\u00e4gerier genom att st\u00f6dja <a href=\"http:\/\/www.mastercard.com\/se\/consumer\/securecode-faqs.html\" target=\"_blank\">MasterCard SecureCode<\/a> och <a href=\"http:\/\/www.visa.se\/visa-varje-dag\/handla-sakert-med-ditt-visakort\/verified-by-visa\/\" target=\"_blank\">Verified by VISA<\/a>.<\/p>\n<div id=\"framed_box_5ce674d6d6b7676f4ca59da7f9cf5c08\" class=\"framed_box rounded\">\n\t<div class=\"framed_box_content\">\n\t\t\n<div style=\"clear: both;\">\n<h2 style=\"float: left; margin-top: 6px; margin-right: 20px;\">Inga startavgifter, inga m\u00e5nadsavgifter, inga fasta avgifter!<\/h2>\n<div onclick=\"BizifyNewAccount();\"><a href=\"#\" style=\"background-color:#3d9400\" class=\"button large primary no_woo_button\"><span>Skapa ett konto \u00bb<\/span><\/a><\/div>\n<\/div>\n\n\t\t<div class=\"framed_box_space\"><\/div>\n\t<\/div>\n<\/div>\n\n<\/div>","protected":false},"excerpt":{"rendered":"<p>P\u00e5 Bizify.me tror vi p\u00e5 enkelhet. D\u00e4rf\u00f6r betalar du inga startavgifter, inga m\u00e5nadsavgifter, inga fasta transaktionsavgifter \u2014 och du beh\u00e5ller alltid 70 % av int\u00e4kterna. Du f\u00e5r \u00e4ven tillg\u00e5ng till alla funktioner utan extra kostnader. Hur st\u00e5r vi oss i j\u00e4mf\u00f6relse med andra tj\u00e4nster? J\u00e4mf\u00f6r sj\u00e4lv! Standardavgifter Bizify.me Apple App Store Google Play Store \u00c5rsavgift &#8230;<\/p>\n","protected":false},"author":1,"featured_media":0,"parent":0,"menu_order":10,"comment_status":"closed","ping_status":"closed","template":"","meta":{"footnotes":""},"_links":{"self":[{"href":"https:\/\/pro.bizify.me\/sv\/wp-json\/wp\/v2\/pages\/1837"}],"collection":[{"href":"https:\/\/pro.bizify.me\/sv\/wp-json\/wp\/v2\/pages"}],"about":[{"href":"https:\/\/pro.bizify.me\/sv\/wp-json\/wp\/v2\/types\/page"}],"author":[{"embeddable":true,"href":"https:\/\/pro.bizify.me\/sv\/wp-json\/wp\/v2\/users\/1"}],"replies":[{"embeddable":true,"href":"https:\/\/pro.bizify.me\/sv\/wp-json\/wp\/v2\/comments?post=1837"}],"version-history":[{"count":306,"href":"https:\/\/pro.bizify.me\/sv\/wp-json\/wp\/v2\/pages\/1837\/revisions"}],"predecessor-version":[{"id":3623,"href":"https:\/\/pro.bizify.me\/sv\/wp-json\/wp\/v2\/pages\/1837\/revisions\/3623"}],"wp:attachment":[{"href":"https:\/\/pro.bizify.me\/sv\/wp-json\/wp\/v2\/media?parent=1837"}],"curies":[{"name":"wp","href":"https:\/\/api.w.org\/{rel}","templated":true}]}}