{"id":197,"date":"2011-08-19T18:24:28","date_gmt":"2011-08-19T17:24:28","guid":{"rendered":"http:\/\/www.klmedia.se\/?page_id=197"},"modified":"2025-07-02T13:09:26","modified_gmt":"2025-07-02T13:09:26","slug":"contact","status":"publish","type":"page","link":"https:\/\/pro.bizify.me\/sv\/contact\/","title":{"rendered":"Kontakta oss"},"content":{"rendered":"<div class=\"one_half\"><h3>Om f\u00f6retaget<\/h3>\n<p>Bizify.me \u00e4r en ny och enkel l\u00f6sning som g\u00f6r det m\u00f6jligt f\u00f6r s\u00e5v\u00e4l f\u00f6retag som privatpersoner att s\u00e4lja digitala produkter. Vi har inga fasta avgifter, kr\u00e5ngliga kontrakt eller dolda kostnader.<\/p>\n<h3>Kundtj\u00e4nst<\/h3>\n<p>Om du inte hittar svaret p\u00e5 dina fr\u00e5gor under v\u00e5r <a href=\"\/sv\/help\/\"><strong>hj\u00e4lpsida<\/strong><\/a> \u00e4r du v\u00e4lkommen att kontakta oss genom att anv\u00e4nda dig av n\u00e5gon av nedanst\u00e5ende kontaktv\u00e4gar.<\/p>\n<p>Vi str\u00e4var efter att besvara dina fr\u00e5gor inom 24 timmar. Under helger och h\u00f6gtider kan dock svaret dr\u00f6ja n\u00e5got l\u00e4ngre.<\/p>\n<div class=\"contact_info_wrap\"><p><span class=\"icon_text icon_phone\">+46 76 114 11 56<\/span><\/p><p><a href=\"mailto:support*bizify.me\" class=\"icon_text icon_email\">support*bizify.me<\/a><\/p><\/div><\/div>\n<div class=\"one_half last\"><h3>Skicka e-post<\/h3>\n<div class=\"contact_form_wrap\">\n\t<div class=\"success\" style=\"display:none;\"><div class=\"message_box_content\">Tack! Vi har mottagit ditt meddelande!<\/div><\/div> \n\t<form class=\"contact_form\" action=\"\/sv\/wp-json\/wp\/v2\/pages\/197\" method=\"post\" novalidate=\"novalidate\">\n\t\t<p><input type=\"text\" required=\"required\" id=\"contact_564_name\" name=\"contact_564_name\" class=\"text_input\" value=\"\" tabindex=\"5\" \/>\n\t\t<label for=\"contact_564_name\">Namn*<\/label><\/p>\n\t\t<p><input type=\"email\" required=\"required\" id=\"contact_564_email\" name=\"contact_564_email\" class=\"text_input\" value=\"\" tabindex=\"6\"  \/>\n\t\t<label for=\"contact_564_email\">E-post*<\/label><\/p>\n\t\t<p><textarea required=\"required\" name=\"contact_564_content\" class=\"textarea\" cols=\"30\" rows=\"5\" tabindex=\"7\"><\/textarea><\/p>\n\t\t\n\t\t<p><button  type=\"submit\" class=\"button white\" tabindex=\"7\"><span>Skicka<\/span><\/button><\/p>\n\t\t<input type=\"hidden\" value=\"1\" name=\"theme_contact_form_submit\"\/>\n\t\t<input type=\"hidden\" value=\"564\" name=\"contact_widget_id\"\/>\n\t\t<input type=\"hidden\" value=\"support*bizify.me\" name=\"contact_564_to\"\/>\n\t<\/form>\n<\/div><\/div><div class=\"clearboth\"><\/div>","protected":false},"excerpt":{"rendered":"","protected":false},"author":1,"featured_media":0,"parent":0,"menu_order":50,"comment_status":"closed","ping_status":"closed","template":"","meta":{"footnotes":""},"_links":{"self":[{"href":"https:\/\/pro.bizify.me\/sv\/wp-json\/wp\/v2\/pages\/197"}],"collection":[{"href":"https:\/\/pro.bizify.me\/sv\/wp-json\/wp\/v2\/pages"}],"about":[{"href":"https:\/\/pro.bizify.me\/sv\/wp-json\/wp\/v2\/types\/page"}],"author":[{"embeddable":true,"href":"https:\/\/pro.bizify.me\/sv\/wp-json\/wp\/v2\/users\/1"}],"replies":[{"embeddable":true,"href":"https:\/\/pro.bizify.me\/sv\/wp-json\/wp\/v2\/comments?post=197"}],"version-history":[{"count":138,"href":"https:\/\/pro.bizify.me\/sv\/wp-json\/wp\/v2\/pages\/197\/revisions"}],"predecessor-version":[{"id":4014,"href":"https:\/\/pro.bizify.me\/sv\/wp-json\/wp\/v2\/pages\/197\/revisions\/4014"}],"wp:attachment":[{"href":"https:\/\/pro.bizify.me\/sv\/wp-json\/wp\/v2\/media?parent=197"}],"curies":[{"name":"wp","href":"https:\/\/api.w.org\/{rel}","templated":true}]}}