{"id":2128,"date":"2013-05-27T14:17:57","date_gmt":"2013-05-27T14:17:57","guid":{"rendered":"https:\/\/www.bizify.me\/?page_id=2128"},"modified":"2018-10-29T09:20:04","modified_gmt":"2018-10-29T09:20:04","slug":"sell-a-subscription","status":"publish","type":"page","link":"https:\/\/pro.bizify.me\/sv\/getting-started\/examples\/sell-a-subscription\/","title":{"rendered":"S\u00e4lj en prenumeration"},"content":{"rendered":"En prenumeration inneb\u00e4r att kunden debiteras kontinuerligt inom ett visst tidsintervall. Debitering p\u00e5g\u00e5r tills kunden v\u00e4ljer att avsluta prenumerationen.<\/p>\n<div id=\"framed_box_bcd32538516c3f86335e17830d8c262d\" class=\"framed_box\">\n\t<div class=\"framed_box_content\">\n\t\t\n<div class=\"dropcap2 gray\"><p class=\"dropcap2_inner\">1<\/p><\/div>\n<h3 class=\"dropcap2_header\">Aktivera avancerade funktioner<\/h3>\n<p><a onclick=\"BizifyLoginAccount();\" href=\"#\"><strong>Logga in p\u00e5 ditt Bizify.me<\/strong><\/a> konto och g\u00e5 sedan in p\u00e5 menyalternativet <em>Inst\u00e4llningar<\/em>.<\/p>\n<p>Kryssa i <em>Jag vill anv\u00e4nda avancerade funktioner f\u00f6r s\u00e4ljare<\/em> och klicka sedan p\u00e5 <em>Spara \u00e4ndringar<\/em>.<\/p>\n\n\t\t<div class=\"framed_box_space\"><\/div>\n\t<\/div>\n<\/div>\n\n<div id=\"framed_box_c9cbdfd3a12f4fe33f41ecefe6bb4d4c\" class=\"framed_box\">\n\t<div class=\"framed_box_content\">\n\t\t\n<div class=\"dropcap2 gray\"><p class=\"dropcap2_inner\">2<\/p><\/div>\n<h3 class=\"dropcap2_header\">Skapa en prenumeration<\/h3>\n<p>G\u00e5 sedan till menyalternativet <em>Avancerat<\/em>.<\/p>\n<p>F\u00f6r att skapa en ny prenumeration till f\u00f6rs\u00e4ljning, klickar du p\u00e5 knappen <em>Ny prenumeration<\/em>.<\/p>\n<p>Skriv in en titel p\u00e5 prenumerationen som tydligt f\u00f6rklarar vad prenumerationen avser. Detta \u00e4r viktigt s\u00e5 att kunden enkelt kan identifiera prenumerationen.<\/p>\n\n\t\t<div class=\"framed_box_space\"><\/div>\n\t<\/div>\n<\/div>\n\n<div id=\"framed_box_2246bfd0e0f159cee2bb7bec8c88ed51\" class=\"framed_box\">\n\t<div class=\"framed_box_content\">\n\t\t\n<div class=\"dropcap2 gray\"><p class=\"dropcap2_inner\">3<\/p><\/div>\n<h3 class=\"dropcap2_header\">V\u00e4lj pris och intervall<\/h3>\n<p>V\u00e4lj hur mycket prenumerationen skall kosta samt i vilket intervall prenumerationen skall f\u00f6rnyas.<\/p>\n<p>Klicka sedan p\u00e5 knappen <em>Spara prenumeration<\/em>.<\/p>\n<p>Efter att prenumerationen sparats v\u00e4ljer du vilka objekt som skall ing\u00e5 i prenumerationen.<\/p>\n\n\t\t<div class=\"framed_box_space\"><\/div>\n\t<\/div>\n<\/div>\n\n<p>F\u00f6r att kunna anv\u00e4nda Bizify.me m\u00e5ste du f\u00f6rst aktivera Bizify.me p\u00e5 din webbsida eller blogg. <a href=\"\/sv\/getting-started\/\">Instruktioner f\u00f6r hur du g\u00f6r detta hittar du h\u00e4r.<\/a>","protected":false},"excerpt":{"rendered":"<p>En prenumeration inneb\u00e4r att kunden debiteras kontinuerligt inom ett visst tidsintervall. Debitering p\u00e5g\u00e5r tills kunden v\u00e4ljer att avsluta prenumerationen. F\u00f6r att kunna anv\u00e4nda Bizify.me m\u00e5ste du f\u00f6rst aktivera Bizify.me p\u00e5 din webbsida eller blogg. Instruktioner f\u00f6r hur du g\u00f6r detta hittar du h\u00e4r.<\/p>\n","protected":false},"author":1,"featured_media":0,"parent":699,"menu_order":90,"comment_status":"open","ping_status":"open","template":"template_rightsidebar.php","meta":{"footnotes":""},"_links":{"self":[{"href":"https:\/\/pro.bizify.me\/sv\/wp-json\/wp\/v2\/pages\/2128"}],"collection":[{"href":"https:\/\/pro.bizify.me\/sv\/wp-json\/wp\/v2\/pages"}],"about":[{"href":"https:\/\/pro.bizify.me\/sv\/wp-json\/wp\/v2\/types\/page"}],"author":[{"embeddable":true,"href":"https:\/\/pro.bizify.me\/sv\/wp-json\/wp\/v2\/users\/1"}],"replies":[{"embeddable":true,"href":"https:\/\/pro.bizify.me\/sv\/wp-json\/wp\/v2\/comments?post=2128"}],"version-history":[{"count":18,"href":"https:\/\/pro.bizify.me\/sv\/wp-json\/wp\/v2\/pages\/2128\/revisions"}],"predecessor-version":[{"id":3614,"href":"https:\/\/pro.bizify.me\/sv\/wp-json\/wp\/v2\/pages\/2128\/revisions\/3614"}],"up":[{"embeddable":true,"href":"https:\/\/pro.bizify.me\/sv\/wp-json\/wp\/v2\/pages\/699"}],"wp:attachment":[{"href":"https:\/\/pro.bizify.me\/sv\/wp-json\/wp\/v2\/media?parent=2128"}],"curies":[{"name":"wp","href":"https:\/\/api.w.org\/{rel}","templated":true}]}}