{"id":2286,"date":"2018-10-29T08:59:01","date_gmt":"2018-10-29T08:59:01","guid":{"rendered":"https:\/\/www.bizify.me\/?page_id=2286"},"modified":"2018-10-29T09:36:25","modified_gmt":"2018-10-29T09:36:25","slug":"wordpress","status":"publish","type":"page","link":"https:\/\/pro.bizify.me\/sv\/getting-started\/wordpress\/","title":{"rendered":"WordPress till\u00e4gg"},"content":{"rendered":"Att anv\u00e4nda Bizify.me p\u00e5 din WordPress blogg \u00e4r v\u00e4ldigt enkelt. F\u00f6lj stegen nedan.<\/p>\n<div id=\"framed_box_bd62a0c6dd5aa09404aaa78312222a17\" class=\"framed_box\">\n\t<div class=\"framed_box_content\">\n\t\t\n<div class=\"dropcap2 gray\"><p class=\"dropcap2_inner\">1<\/p><\/div>\n<h3 class=\"dropcap2_header\">Installera Bizify.me till\u00e4gget<\/h3>\n<p>B\u00f6rja med att installera Bizify.me till\u00e4gget p\u00e5 din WordPress blogg.<\/p>\n<p>Du kan antingen s\u00f6ka efter till\u00e4gget fr\u00e5n din WordPress till\u00e4ggs-meny eller ladda ner till\u00e4gget fr\u00e5n <a href=\"http:\/\/wordpress.org\/plugins\/bizifyme\/\" target=\"_blank\"><strong>http:\/\/wordpress.org\/plugins\/bizifyme\/<\/strong><\/a><br \/>\n\n\t\t<div class=\"framed_box_space\"><\/div>\n\t<\/div>\n<\/div>\n\n<div id=\"framed_box_6ad5dfcda8a557c07285637442266fe1\" class=\"framed_box\">\n\t<div class=\"framed_box_content\">\n\t\t\n<div class=\"dropcap2 gray\"><p class=\"dropcap2_inner\">2<\/p><\/div>\n<h3 class=\"dropcap2_header\">Skapa ett konto<\/h3>\n<p>Om du inte redan har ett konto p\u00e5 Bizify.me s\u00e5 skapar du enkelt ett nytt konto.<\/p>\n<p><a onclick=\"BizifyNewAccount();\" href=\"#\"><strong>Klicka h\u00e4r f\u00f6r att skapa ett nytt konto.<\/strong><\/a><br \/>\n\n\t\t<div class=\"framed_box_space\"><\/div>\n\t<\/div>\n<\/div>\n\n<div id=\"framed_box_ce83c636422c695c731712589becb743\" class=\"framed_box\">\n\t<div class=\"framed_box_content\">\n\t\t\n<div class=\"dropcap2 gray\"><p class=\"dropcap2_inner\">3<\/p><\/div>\n<h3 class=\"dropcap2_header\">Ladda upp din digitala vara<\/h3>\n<p>Ladda upp den bild, videoklipp, dokument eller annan typ av digital information som du vill s\u00e4lja p\u00e5 din webbsida\/blogg. Klart!<\/p>\n<p><a href=\"\/sv\/getting-started\/examples\/\"><strong>Ta g\u00e4rna en titt p\u00e5 f\u00f6ljande olika exempel som visar hur du kan anv\u00e4nda Bizify.me p\u00e5 din webbsida eller blogg.<\/strong><\/a><br \/>\n\n\t\t<div class=\"framed_box_space\"><\/div>\n\t<\/div>\n<\/div>","protected":false},"excerpt":{"rendered":"<p>Att anv\u00e4nda Bizify.me p\u00e5 din WordPress blogg \u00e4r v\u00e4ldigt enkelt. F\u00f6lj stegen nedan.<\/p>\n","protected":false},"author":1,"featured_media":0,"parent":62,"menu_order":30,"comment_status":"closed","ping_status":"closed","template":"","meta":{"footnotes":""},"_links":{"self":[{"href":"https:\/\/pro.bizify.me\/sv\/wp-json\/wp\/v2\/pages\/2286"}],"collection":[{"href":"https:\/\/pro.bizify.me\/sv\/wp-json\/wp\/v2\/pages"}],"about":[{"href":"https:\/\/pro.bizify.me\/sv\/wp-json\/wp\/v2\/types\/page"}],"author":[{"embeddable":true,"href":"https:\/\/pro.bizify.me\/sv\/wp-json\/wp\/v2\/users\/1"}],"replies":[{"embeddable":true,"href":"https:\/\/pro.bizify.me\/sv\/wp-json\/wp\/v2\/comments?post=2286"}],"version-history":[{"count":12,"href":"https:\/\/pro.bizify.me\/sv\/wp-json\/wp\/v2\/pages\/2286\/revisions"}],"predecessor-version":[{"id":3616,"href":"https:\/\/pro.bizify.me\/sv\/wp-json\/wp\/v2\/pages\/2286\/revisions\/3616"}],"up":[{"embeddable":true,"href":"https:\/\/pro.bizify.me\/sv\/wp-json\/wp\/v2\/pages\/62"}],"wp:attachment":[{"href":"https:\/\/pro.bizify.me\/sv\/wp-json\/wp\/v2\/media?parent=2286"}],"curies":[{"name":"wp","href":"https:\/\/api.w.org\/{rel}","templated":true}]}}