{"id":2662,"date":"2014-04-18T17:33:19","date_gmt":"2014-04-18T17:33:19","guid":{"rendered":"https:\/\/www.bizify.me\/?page_id=2662"},"modified":"2026-02-13T16:10:58","modified_gmt":"2026-02-13T16:10:58","slug":"policy-regarding-payment-via-bizify-me","status":"publish","type":"page","link":"https:\/\/pro.bizify.me\/sv\/policy-regarding-payment-via-bizify-me\/","title":{"rendered":"Policy g\u00e4llande betalning via Bizify.me"},"content":{"rendered":"Det \u00e4r inte till\u00e5tet att s\u00e4lja vissa typer av produkter via Bizify.me och detta kan bero p\u00e5 att de strider mot Sveriges lag, inte \u00e4r f\u00f6renliga med v\u00e5r policy eller att vissa av v\u00e5ra samarbetspartners inte accepterar f\u00f6rs\u00e4ljning av produkterna. Brott mot denna policy f\u00f6renas med avst\u00e4ngning fr\u00e5n Bizify.me. Vi har \u00e4ven r\u00e4tt att avvisa godk\u00e4nd debitering om det finns anledning att tro att den skulle strida mot denna policy.<\/p>\n<p>Bizify.me \u00e4r exklusivt inriktat p\u00e5 f\u00f6rs\u00e4ljning av digitala produkter. Men f\u00f6r att f\u00f6rtydliga och undvika missf\u00f6rst\u00e5nd s\u00e5 listar vi h\u00e4r vilka produkter som \u00e4r f\u00f6rbjudna att s\u00e4lja.<\/p>\n<h3>F\u00f6rbjudna varor \/ tj\u00e4nster<\/h3>\n<ul>\n<li>Droger, narkotika, \u00e4ven vissa ol\u00e4mpliga substanser<\/li>\n<li>L\u00e4kemedel, medicin samt prestationsh\u00f6jande kosttillskott och h\u00e4lsopreparat<\/li>\n<li>Piratkopierat material (t.ex. musik, programvaror, kl\u00e4desplagg, v\u00e4skor, handlingar)<\/li>\n<li>Betting<\/li>\n<li>Onlinespel d\u00e4r man kan vinna pengar<\/li>\n<li>Donation och medlemskap i rasistiska f\u00f6reningar \/ f\u00f6reningar som f\u00f6respr\u00e5kar hat<\/li>\n<li>V\u00e4lg\u00f6renhets- och bist\u00e5ndsorganisationer som saknar 90-konto hos Plusgirot eller motsvarande Bankgiro<\/li>\n<li>Licensbelagda vapen<\/li>\n<li>Finansiella tj\u00e4nster inklusive finansiell r\u00e5dgivning<\/li>\n<li>Pyramidverksamhet \/ f\u00f6rs\u00e4ljning och \u201dmulti level marketing\u201d<\/li>\n<li>\u201dL\u00e4gsta unika bud\u201d auktioner<\/li>\n<li>\u00d6resauktioner<\/li>\n<li>Eskorttj\u00e4nster<\/li>\n<li>Alkohol<\/li>\n<li>Tobak (t.ex. snusvaror, cigaretter, cigarrer)<\/li>\n<li>Alla andra varor \/ tj\u00e4nster som \u00e4r f\u00f6rbjudna enligt Sveriges lag<\/li>\n<\/ul>\n<p><em>Verksamheten m\u00e5ste alltid uppfylla aktuella myndighetskrav och bed\u00f6mning g\u00f6rs \u00e4ven utifr\u00e5n ett risk-, reklamations- och renomm\u00e9perspektiv. Bizify.me f\u00f6rbeh\u00e5ller sig r\u00e4tten att avg\u00f6ra om en anv\u00e4ndares anv\u00e4ndning av tj\u00e4nsten ska anses h\u00e4nf\u00f6rlig till n\u00e5gon av ovan angivna varor eller tj\u00e4nster och d\u00e4rmed inte \u00e4r i enlighet med denna policy.<\/em>","protected":false},"excerpt":{"rendered":"<p>Det \u00e4r inte till\u00e5tet att s\u00e4lja vissa typer av produkter via Bizify.me och detta kan bero p\u00e5 att de strider mot Sveriges lag, inte \u00e4r f\u00f6renliga med v\u00e5r policy eller att vissa av v\u00e5ra samarbetspartners inte accepterar f\u00f6rs\u00e4ljning av produkterna. Brott mot denna policy f\u00f6renas med avst\u00e4ngning fr\u00e5n Bizify.me. Vi har \u00e4ven r\u00e4tt att avvisa &#8230;<\/p>\n","protected":false},"author":1,"featured_media":0,"parent":0,"menu_order":35,"comment_status":"closed","ping_status":"closed","template":"","meta":{"footnotes":""},"_links":{"self":[{"href":"https:\/\/pro.bizify.me\/sv\/wp-json\/wp\/v2\/pages\/2662"}],"collection":[{"href":"https:\/\/pro.bizify.me\/sv\/wp-json\/wp\/v2\/pages"}],"about":[{"href":"https:\/\/pro.bizify.me\/sv\/wp-json\/wp\/v2\/types\/page"}],"author":[{"embeddable":true,"href":"https:\/\/pro.bizify.me\/sv\/wp-json\/wp\/v2\/users\/1"}],"replies":[{"embeddable":true,"href":"https:\/\/pro.bizify.me\/sv\/wp-json\/wp\/v2\/comments?post=2662"}],"version-history":[{"count":37,"href":"https:\/\/pro.bizify.me\/sv\/wp-json\/wp\/v2\/pages\/2662\/revisions"}],"predecessor-version":[{"id":4033,"href":"https:\/\/pro.bizify.me\/sv\/wp-json\/wp\/v2\/pages\/2662\/revisions\/4033"}],"wp:attachment":[{"href":"https:\/\/pro.bizify.me\/sv\/wp-json\/wp\/v2\/media?parent=2662"}],"curies":[{"name":"wp","href":"https:\/\/api.w.org\/{rel}","templated":true}]}}