{"id":4015,"date":"2025-07-03T15:16:11","date_gmt":"2025-07-03T15:16:11","guid":{"rendered":"https:\/\/pro.bizify.me\/?page_id=4015"},"modified":"2026-04-30T04:45:03","modified_gmt":"2026-04-30T04:45:03","slug":"legal-notice","status":"publish","type":"page","link":"https:\/\/pro.bizify.me\/sv\/legal-notice\/","title":{"rendered":"Compliance &#038; Legal Notice"},"content":{"rendered":"Bizify.me f\u00f6ljer g\u00e4llande svensk och europeisk lagstiftning kring digitalt inneh\u00e5ll och anv\u00e4ndarinteraktion.<br \/>\nF\u00f6r att uppfylla de svenska nya juridiska kraven fr\u00e5n och med den 1 juli 2025 har plattformen anpassats enligt f\u00f6ljande:<\/p>\n<ul>\n<li>All anv\u00e4ndargenererad text granskas automatiskt med hj\u00e4lp av AI-baserad inneh\u00e5llsanalys.\n<li>Ytterligare granskning sker manuellt vid behov enligt interna policyer.<\/li>\n<li>Det \u00e4r f\u00f6rbjudet att f\u00f6rs\u00f6ka kringg\u00e5 kommunikationsbegr\u00e4nsningar genom dolt inneh\u00e5ll i bilder, ljud eller video.<\/li>\n<\/ul>\n<p>Bizify.me samarbetar med r\u00e4ttsv\u00e5rdande myndigheter vid lagliga f\u00f6rfr\u00e5gningar och bevarar relevant metadata i enlighet med till\u00e4mplig lag.<br \/>\nF\u00f6r ytterligare information eller kontakt i r\u00e4ttsliga fr\u00e5gor, v\u00e4nligen mejla <a href=\"mailto:legal@bizify.me\">legal@bizify.me<\/a>","protected":false},"excerpt":{"rendered":"<p>Bizify.me f\u00f6ljer g\u00e4llande svensk och europeisk lagstiftning kring digitalt inneh\u00e5ll och anv\u00e4ndarinteraktion. F\u00f6r att uppfylla de svenska nya juridiska kraven fr\u00e5n och med den 1 juli 2025 har plattformen anpassats enligt f\u00f6ljande: All anv\u00e4ndargenererad text granskas automatiskt med hj\u00e4lp av AI-baserad inneh\u00e5llsanalys. Ytterligare granskning sker manuellt vid behov enligt interna policyer. Det \u00e4r f\u00f6rbjudet att &#8230;<\/p>\n","protected":false},"author":1,"featured_media":0,"parent":0,"menu_order":0,"comment_status":"closed","ping_status":"closed","template":"","meta":{"footnotes":""},"_links":{"self":[{"href":"https:\/\/pro.bizify.me\/sv\/wp-json\/wp\/v2\/pages\/4015"}],"collection":[{"href":"https:\/\/pro.bizify.me\/sv\/wp-json\/wp\/v2\/pages"}],"about":[{"href":"https:\/\/pro.bizify.me\/sv\/wp-json\/wp\/v2\/types\/page"}],"author":[{"embeddable":true,"href":"https:\/\/pro.bizify.me\/sv\/wp-json\/wp\/v2\/users\/1"}],"replies":[{"embeddable":true,"href":"https:\/\/pro.bizify.me\/sv\/wp-json\/wp\/v2\/comments?post=4015"}],"version-history":[{"count":8,"href":"https:\/\/pro.bizify.me\/sv\/wp-json\/wp\/v2\/pages\/4015\/revisions"}],"predecessor-version":[{"id":4040,"href":"https:\/\/pro.bizify.me\/sv\/wp-json\/wp\/v2\/pages\/4015\/revisions\/4040"}],"wp:attachment":[{"href":"https:\/\/pro.bizify.me\/sv\/wp-json\/wp\/v2\/media?parent=4015"}],"curies":[{"name":"wp","href":"https:\/\/api.w.org\/{rel}","templated":true}]}}