{"id":448,"date":"2012-04-19T23:14:03","date_gmt":"2012-04-19T21:14:03","guid":{"rendered":"http:\/\/www.bizify.me\/?page_id=448"},"modified":"2021-04-16T12:00:11","modified_gmt":"2021-04-16T12:00:11","slug":"what-is-bizify-me","status":"publish","type":"page","link":"https:\/\/pro.bizify.me\/sv\/getting-started\/what-is-bizify-me\/","title":{"rendered":"Vad \u00e4r Bizify.me?"},"content":{"rendered":"<h3>Vad \u00e4r Bizify.me?<\/h3>\n<p>Bizify.me \u00e4r en ny tj\u00e4nst som g\u00f6r det m\u00f6jligt f\u00f6r privatpersoner och f\u00f6retag att enkelt s\u00e4lja sina digitala produkter.<\/p>\n<p>Du kan exempelvis s\u00e4lja dina bilder, videoklipp, musik, e-b\u00f6cker, dokument eller mjukvara och du beh\u00f6ver inte ha ett eget f\u00f6retag eller vara ett proffs f\u00f6r att s\u00e4lja dina digitala produkter \u2013 hos Bizify.me \u00e4r alla v\u00e4lkomna!<\/p>\n<p>Vi har inga fasta avgifter, komplicerade kontrakt eller dolda kostnader!<\/p>\n<p>Bizify.me erbjuder handel mellan s\u00e5v\u00e4l f\u00f6retag som privatpersoner och l\u00e5ter dig s\u00e4lja all typ av digitala produkter som exempelvis bilder, videoklipp, musik, e-b\u00f6cker, dokument eller mjukvara.<\/p>\n<h3>Enkelt att anv\u00e4nda p\u00e5 din hemsida eller blogg<\/h3>\n<p>Det enda som kr\u00e4vs f\u00f6r att aktivera Bizify.me p\u00e5 din hemsida eller blogg \u00e4r att du l\u00e4gger in en rad med HTML-kod.<\/p>\n<p>N\u00e4r du lagt in denna rad med HTML-kod kommer du att f\u00e5 tillg\u00e5ng till en helt komplett webbutik som du kan anv\u00e4nda f\u00f6r f\u00f6rs\u00e4ljning av digital produkter. Alla k\u00f6p som g\u00f6rs kommer att ske direkt p\u00e5 din hemsida eller blogg vilket f\u00f6renklar b\u00e5de f\u00f6r dig och dina k\u00f6pare.<\/p>\n<h3>B\u00f6rja anv\u00e4nda Bizify.me p\u00e5 din hemsida eller blogg<\/h3>\n<p><a href=\"\/sv\/getting-started\/\">Instruktioner f\u00f6r hur du b\u00f6rja anv\u00e4nda Bizify.me p\u00e5 din webbsida eller blogg hittar du h\u00e4r.<\/a><\/p>\n<p>Vill du veta mer rekommenderar vi att du tar en titt p\u00e5 sidan\u00a0<a href=\"\/sv\/faq\/\"><strong><em>Vanliga fr\u00e5gor<\/em><\/strong><\/a> d\u00e4r vi sammanst\u00e4llt de vanligaste fr\u00e5gorna och svaren r\u00f6rande v\u00e5r tj\u00e4nst.","protected":false},"excerpt":{"rendered":"<p>Vad \u00e4r Bizify.me? Bizify.me \u00e4r en ny tj\u00e4nst som g\u00f6r det m\u00f6jligt f\u00f6r privatpersoner och f\u00f6retag att enkelt s\u00e4lja sina digitala produkter. Du kan exempelvis s\u00e4lja dina bilder, videoklipp, musik, e-b\u00f6cker, dokument eller mjukvara och du beh\u00f6ver inte ha ett eget f\u00f6retag eller vara ett proffs f\u00f6r att s\u00e4lja dina digitala produkter \u2013 hos Bizify.me &#8230;<\/p>\n","protected":false},"author":1,"featured_media":0,"parent":62,"menu_order":0,"comment_status":"open","ping_status":"open","template":"","meta":{"footnotes":""},"_links":{"self":[{"href":"https:\/\/pro.bizify.me\/sv\/wp-json\/wp\/v2\/pages\/448"}],"collection":[{"href":"https:\/\/pro.bizify.me\/sv\/wp-json\/wp\/v2\/pages"}],"about":[{"href":"https:\/\/pro.bizify.me\/sv\/wp-json\/wp\/v2\/types\/page"}],"author":[{"embeddable":true,"href":"https:\/\/pro.bizify.me\/sv\/wp-json\/wp\/v2\/users\/1"}],"replies":[{"embeddable":true,"href":"https:\/\/pro.bizify.me\/sv\/wp-json\/wp\/v2\/comments?post=448"}],"version-history":[{"count":58,"href":"https:\/\/pro.bizify.me\/sv\/wp-json\/wp\/v2\/pages\/448\/revisions"}],"predecessor-version":[{"id":3900,"href":"https:\/\/pro.bizify.me\/sv\/wp-json\/wp\/v2\/pages\/448\/revisions\/3900"}],"up":[{"embeddable":true,"href":"https:\/\/pro.bizify.me\/sv\/wp-json\/wp\/v2\/pages\/62"}],"wp:attachment":[{"href":"https:\/\/pro.bizify.me\/sv\/wp-json\/wp\/v2\/media?parent=448"}],"curies":[{"name":"wp","href":"https:\/\/api.w.org\/{rel}","templated":true}]}}