{"id":508,"date":"2012-05-09T13:24:18","date_gmt":"2012-05-09T11:24:18","guid":{"rendered":"http:\/\/www.bizify.me\/?page_id=508"},"modified":"2021-04-07T11:12:53","modified_gmt":"2021-04-07T11:12:53","slug":"welcome","status":"publish","type":"page","link":"https:\/\/pro.bizify.me\/sv\/","title":{"rendered":"V\u00e4lkommen"},"content":{"rendered":"<h2 class=\"icon_header\">V\u00e4lkommen till Bizify.me<\/h2>\n<p>Bizify.me \u00e4r en tj\u00e4nst som g\u00f6r det m\u00f6jligt f\u00f6r privatpersoner och f\u00f6retag att s\u00e4lja digitala produkter.<\/p>\n<p>Du kan exempelvis s\u00e4lja dina bilder, videoklipp, musik, e-b\u00f6cker, dokument eller mjukvara och du beh\u00f6ver inte ha ett eget f\u00f6retag eller vara ett proffs f\u00f6r att s\u00e4lja dina digitala produkter &#8211; hos Bizify.me \u00e4r alla v\u00e4lkomna!<\/p>\n<div onclick=\"BizifyLoginAccount();\" style=\"display: inline-block\"><a href=\"#login\" style=\"background-color:#3d9400\" class=\"button large primary no_woo_button\"><span>Logga in \u00bb<\/span><\/a><\/div>\n<h2 class=\"icon_header\" style=\"margin-top: 40px;\">Enkelt att anv\u00e4nda p\u00e5 din hemsida eller blogg<\/h2>\n<p>N\u00e4r du aktiverat Bizify.me p\u00e5 din hemsida, blogg eller f\u00f6retagswebbsida, f\u00e5r du tillg\u00e5ng till en helt komplett webbutik som du kan anv\u00e4nda f\u00f6r f\u00f6rs\u00e4ljning av dina digitala produkter. Alla k\u00f6p som g\u00f6rs kommer att ske direkt p\u00e5 din webbsida vilket f\u00f6renklar b\u00e5de f\u00f6r dig och dina k\u00f6pare.<\/p>\n<p>Bizify.me st\u00f6der betalning via VISA och MasterCard, \u00f6ver hela v\u00e4rlden. Bizify.me st\u00f6der \u00e4ven betalning via mobiltelefon (SMS).<\/p>\n<h2 class=\"icon_header\" style=\"margin-top: 40px;\">Fullt anpassat f\u00f6r Facebook, Twitter, Tumblr, Blogger och WordPress<\/h2>\n<p>Bizify.me fungerar utm\u00e4rkt tillsammans med Facebook, Twitter, Tumblr, Blogger, WordPress och m\u00e5nga andra typer av webbplatser.<br \/>\nF\u00f6r att g\u00f6ra det extra enkelt f\u00f6r dig tillhandah\u00e5ller vi en kostnadsfri mikroblogg som du kan anv\u00e4nda f\u00f6r att s\u00e4lja dina digitala produkter.<\/p>\n<p>Kom ig\u00e5ng med din f\u00f6rs\u00e4ljning. Inga startavgifter och inga m\u00e5nadsavgifter!<\/p>\n<div onclick=\"BizifyNewAccount();\" style=\"display: inline-block\"><a href=\"#signup\" style=\"background-color:#3d9400\" class=\"button large primary no_woo_button\"><span>Skapa konto \u00bb<\/span><\/a><\/div>\n<div class=\"divider_padding\"><\/div>","protected":false},"excerpt":{"rendered":"<p>V\u00e4lkommen till Bizify.me Bizify.me \u00e4r en tj\u00e4nst som g\u00f6r det m\u00f6jligt f\u00f6r privatpersoner och f\u00f6retag att s\u00e4lja digitala produkter. Du kan exempelvis s\u00e4lja dina bilder, videoklipp, musik, e-b\u00f6cker, dokument eller mjukvara och du beh\u00f6ver inte ha ett eget f\u00f6retag eller vara ett proffs f\u00f6r att s\u00e4lja dina digitala produkter &#8211; hos Bizify.me \u00e4r alla v\u00e4lkomna! &#8230;<\/p>\n","protected":false},"author":1,"featured_media":0,"parent":0,"menu_order":0,"comment_status":"closed","ping_status":"closed","template":"","meta":{"footnotes":""},"_links":{"self":[{"href":"https:\/\/pro.bizify.me\/sv\/wp-json\/wp\/v2\/pages\/508"}],"collection":[{"href":"https:\/\/pro.bizify.me\/sv\/wp-json\/wp\/v2\/pages"}],"about":[{"href":"https:\/\/pro.bizify.me\/sv\/wp-json\/wp\/v2\/types\/page"}],"author":[{"embeddable":true,"href":"https:\/\/pro.bizify.me\/sv\/wp-json\/wp\/v2\/users\/1"}],"replies":[{"embeddable":true,"href":"https:\/\/pro.bizify.me\/sv\/wp-json\/wp\/v2\/comments?post=508"}],"version-history":[{"count":605,"href":"https:\/\/pro.bizify.me\/sv\/wp-json\/wp\/v2\/pages\/508\/revisions"}],"predecessor-version":[{"id":3897,"href":"https:\/\/pro.bizify.me\/sv\/wp-json\/wp\/v2\/pages\/508\/revisions\/3897"}],"wp:attachment":[{"href":"https:\/\/pro.bizify.me\/sv\/wp-json\/wp\/v2\/media?parent=508"}],"curies":[{"name":"wp","href":"https:\/\/api.w.org\/{rel}","templated":true}]}}