{"id":62,"date":"2011-08-19T16:43:03","date_gmt":"2011-08-19T14:43:03","guid":{"rendered":"http:\/\/www.klmedia.se\/?page_id=62"},"modified":"2020-04-10T12:53:58","modified_gmt":"2020-04-10T12:53:58","slug":"getting-started","status":"publish","type":"page","link":"https:\/\/pro.bizify.me\/sv\/getting-started\/","title":{"rendered":"Hur g\u00f6r jag?"},"content":{"rendered":"Att anv\u00e4nda Bizify.me p\u00e5 din webbsida eller blogg \u00e4r v\u00e4ldigt enkelt. F\u00f6lj stegen nedan.<br \/>\nOm du k\u00f6r en egen WordPress installation, <a href=\"\/sv\/wordpress\/\">f\u00f6lj dessa instruktioner<\/a>.<\/p>\n<div id=\"framed_box_e1aa84522e90f5a7edc6a6cc7efa91be\" class=\"framed_box\">\n\t<div class=\"framed_box_content\">\n\t\t\n<div class=\"dropcap2 gray\"><p class=\"dropcap2_inner\">1<\/p><\/div>\n<h3 class=\"dropcap2_header\">Aktivera Bizify.me<\/h3>\n<p>B\u00f6rja med att kopiera och klistra in f\u00f6ljande rad med HTML-kod i sidfoten p\u00e5 din webbsida eller blogg f\u00f6r att aktivera Bizify.me<\/p>\n<p><code class=\"prettyprint lang-html\" style=\"letter-spacing: -0.3px\"><strong>&lt;script type=\"text\/javascript\" src=\"https:\/\/js.bizify.me\/1.1\/\" defer=\"defer\"&gt;&lt;\/script&gt;<\/strong><\/code>\n\t\t<div class=\"framed_box_space\"><\/div>\n\t<\/div>\n<\/div>\n\n<div id=\"framed_box_9ecd7de26145806d70d19364bcd5f487\" class=\"framed_box\">\n\t<div class=\"framed_box_content\">\n\t\t\n<div class=\"dropcap2 gray\"><p class=\"dropcap2_inner\">2<\/p><\/div>\n<h3 class=\"dropcap2_header\">Skapa ett konto<\/h3>\n<p>Om du inte redan har ett konto p\u00e5 Bizify.me s\u00e5 skapar du enkelt ett nytt konto.<\/p>\n<p><a onclick=\"BizifyNewAccount();\" href=\"#\"><strong>Klicka h\u00e4r f\u00f6r att skapa ett nytt konto.<\/strong><\/a><br \/>\n\n\t\t<div class=\"framed_box_space\"><\/div>\n\t<\/div>\n<\/div>\n\n<div id=\"framed_box_dd91b29a1ad4cd87d922d2d5d9b83a10\" class=\"framed_box\">\n\t<div class=\"framed_box_content\">\n\t\t\n<div class=\"dropcap2 gray\"><p class=\"dropcap2_inner\">3<\/p><\/div>\n<h3 class=\"dropcap2_header\">Ladda upp din digitala vara<\/h3>\n<p>Ladda upp den bild, videoklipp, dokument eller annan typ av digital information som du vill s\u00e4lja p\u00e5 din webbsida\/blogg.<\/p>\n<p><a href=\"\/sv\/getting-started\/examples\/\"><strong>Ta g\u00e4rna en titt p\u00e5 f\u00f6ljande olika exempel som visar hur du kan anv\u00e4nda Bizify.me p\u00e5 din webbsida eller blogg.<\/strong><\/a><br \/>\n\n\t\t<div class=\"framed_box_space\"><\/div>\n\t<\/div>\n<\/div>","protected":false},"excerpt":{"rendered":"<p>Att anv\u00e4nda Bizify.me p\u00e5 din webbsida eller blogg \u00e4r v\u00e4ldigt enkelt. F\u00f6lj stegen nedan. Om du k\u00f6r en egen WordPress installation, f\u00f6lj dessa instruktioner.<\/p>\n","protected":false},"author":1,"featured_media":0,"parent":0,"menu_order":20,"comment_status":"closed","ping_status":"closed","template":"","meta":{"footnotes":""},"_links":{"self":[{"href":"https:\/\/pro.bizify.me\/sv\/wp-json\/wp\/v2\/pages\/62"}],"collection":[{"href":"https:\/\/pro.bizify.me\/sv\/wp-json\/wp\/v2\/pages"}],"about":[{"href":"https:\/\/pro.bizify.me\/sv\/wp-json\/wp\/v2\/types\/page"}],"author":[{"embeddable":true,"href":"https:\/\/pro.bizify.me\/sv\/wp-json\/wp\/v2\/users\/1"}],"replies":[{"embeddable":true,"href":"https:\/\/pro.bizify.me\/sv\/wp-json\/wp\/v2\/comments?post=62"}],"version-history":[{"count":163,"href":"https:\/\/pro.bizify.me\/sv\/wp-json\/wp\/v2\/pages\/62\/revisions"}],"predecessor-version":[{"id":3834,"href":"https:\/\/pro.bizify.me\/sv\/wp-json\/wp\/v2\/pages\/62\/revisions\/3834"}],"wp:attachment":[{"href":"https:\/\/pro.bizify.me\/sv\/wp-json\/wp\/v2\/media?parent=62"}],"curies":[{"name":"wp","href":"https:\/\/api.w.org\/{rel}","templated":true}]}}