{"id":699,"date":"2012-05-17T17:13:17","date_gmt":"2012-05-17T15:13:17","guid":{"rendered":"http:\/\/www.bizify.me\/?page_id=699"},"modified":"2015-03-12T13:20:09","modified_gmt":"2015-03-12T13:20:09","slug":"examples","status":"publish","type":"page","link":"https:\/\/pro.bizify.me\/sv\/getting-started\/examples\/","title":{"rendered":"Exempel och f\u00f6rslag"},"content":{"rendered":"<p>H\u00e4r hittar du lite olika f\u00f6rslag p\u00e5 hur du kan anv\u00e4nda Bizify.me p\u00e5 din webbsida eller blogg.<\/p>\n<section id=\"portfolio_669\" class=\"portfolios\"><div class=\"portfolio_wrap\"><ul class=\"portfolio_three_columns portfolio_container\"><li class=\"portfolio_item portfolio_with_image hentry\" data-id=\"709\" data-type=\"link\" data-cat=\"\"><div class=\"image_styled portfolio_image\"><div class=\"image_frame effect-icon\" style=\"height:182px\"><div class=\"image_shadow_wrap\"><a class=\"image_icon_link\" target=\"_self\"  title=\"S\u00e4lj dina bilder\" href=\"https:\/\/pro.bizify.me\/sv\/getting-started\/examples\/sell-an-image\/\"><img decoding=\"async\" class=\"portfolio_featured_image\" width=\"292\" height=\"180\" src=\"https:\/\/pro.bizify.me\/wp-content\/uploads\/strikingr\/images\/3568_example-1-292x180.jpg\" srcset=\"https:\/\/pro.bizify.me\/wp-content\/uploads\/strikingr\/images\/3568_example-1-292x180@2x.jpg 2x\" data-theme-retina-image=\"true\"  data-thumbnail=\"3568\" title=\"S\u00e4lj dina bilder\" alt=\"S\u00e4lj dina bilder\" \/><\/a><\/div><\/div><\/div><div class=\"portfolio_details\"><div class=\"portfolio_title entry-title\">S\u00e4lj dina bilder<\/div><div class=\"portfolio_desc entry-content\">H\u00e4r hittar du instruktioner f\u00f6r hur du enkelt kan s\u00e4lja dina bilder p\u00e5 din hemsida eller blogg.<\/div><div class=\"portfolio_more_button\"><a href=\"https:\/\/pro.bizify.me\/sv\/getting-started\/examples\/sell-an-image\/\" class=\"button\" target=\"_self\"><span>L\u00e4s mer \u00bb<\/span><\/a><\/div><\/div><\/li><li class=\"portfolio_item portfolio_with_image hentry\" data-id=\"729\" data-type=\"link\" data-cat=\"\"><div class=\"image_styled portfolio_image\"><div class=\"image_frame effect-icon\" style=\"height:182px\"><div class=\"image_shadow_wrap\"><a class=\"image_icon_link\" target=\"_self\"  title=\"S\u00e4lj dina videos\" href=\"https:\/\/pro.bizify.me\/sv\/getting-started\/examples\/sell-a-video-clip\/\"><img decoding=\"async\" class=\"portfolio_featured_image\" width=\"292\" height=\"180\" src=\"https:\/\/pro.bizify.me\/wp-content\/uploads\/strikingr\/images\/3570_example-2-292x180.jpg\" srcset=\"https:\/\/pro.bizify.me\/wp-content\/uploads\/strikingr\/images\/3570_example-2-292x180@2x.jpg 2x\" data-theme-retina-image=\"true\"  data-thumbnail=\"3570\" title=\"S\u00e4lj dina videos\" alt=\"S\u00e4lj dina videos\" \/><\/a><\/div><\/div><\/div><div class=\"portfolio_details\"><div class=\"portfolio_title entry-title\">S\u00e4lj dina videos<\/div><div class=\"portfolio_desc entry-content\">H\u00e4r hittar du instruktioner f\u00f6r hur du enkelt kan s\u00e4lja dina videos p\u00e5 din hemsida eller blogg.<\/div><div class=\"portfolio_more_button\"><a href=\"https:\/\/pro.bizify.me\/sv\/getting-started\/examples\/sell-a-video-clip\/\" class=\"button\" target=\"_self\"><span>L\u00e4s mer \u00bb<\/span><\/a><\/div><\/div><\/li><li class=\"portfolio_item portfolio_with_image hentry\" data-id=\"764\" data-type=\"link\" data-cat=\"\"><div class=\"image_styled portfolio_image\"><div class=\"image_frame effect-icon\" style=\"height:182px\"><div class=\"image_shadow_wrap\"><a class=\"image_icon_link\" target=\"_self\"  title=\"S\u00e4lja din musik\" href=\"https:\/\/pro.bizify.me\/sv\/getting-started\/examples\/sell-your-music\/\"><img decoding=\"async\" class=\"portfolio_featured_image\" width=\"292\" height=\"180\" src=\"https:\/\/pro.bizify.me\/wp-content\/uploads\/strikingr\/images\/3575_example-3-292x180.jpg\" srcset=\"https:\/\/pro.bizify.me\/wp-content\/uploads\/strikingr\/images\/3575_example-3-292x180@2x.jpg 2x\" data-theme-retina-image=\"true\"  data-thumbnail=\"3575\" title=\"S\u00e4lja din musik\" alt=\"S\u00e4lja din musik\" \/><\/a><\/div><\/div><\/div><div class=\"portfolio_details\"><div class=\"portfolio_title entry-title\">S\u00e4lja din musik<\/div><div class=\"portfolio_desc entry-content\">H\u00e4r hittar du instruktioner f\u00f6r hur du enkelt kan s\u00e4lja din musik p\u00e5 din hemsida eller blogg.<\/div><div class=\"portfolio_more_button\"><a href=\"https:\/\/pro.bizify.me\/sv\/getting-started\/examples\/sell-your-music\/\" class=\"button\" target=\"_self\"><span>L\u00e4s mer \u00bb<\/span><\/a><\/div><\/div><\/li><li class=\"portfolio_item portfolio_with_image hentry\" data-id=\"755\" data-type=\"link\" data-cat=\"\"><div class=\"image_styled portfolio_image\"><div class=\"image_frame effect-icon\" style=\"height:182px\"><div class=\"image_shadow_wrap\"><a class=\"image_icon_link\" target=\"_self\"  title=\"S\u00e4lj din e-bok\" href=\"https:\/\/pro.bizify.me\/sv\/getting-started\/examples\/sell-a-document\/\"><img decoding=\"async\" class=\"portfolio_featured_image\" width=\"292\" height=\"180\" src=\"https:\/\/pro.bizify.me\/wp-content\/uploads\/strikingr\/images\/3600_example-4-292x180.jpg\" srcset=\"https:\/\/pro.bizify.me\/wp-content\/uploads\/strikingr\/images\/3600_example-4-292x180@2x.jpg 2x\" data-theme-retina-image=\"true\"  data-thumbnail=\"3600\" title=\"S\u00e4lj din e-bok\" alt=\"S\u00e4lj din e-bok\" \/><\/a><\/div><\/div><\/div><div class=\"portfolio_details\"><div class=\"portfolio_title entry-title\">S\u00e4lj din e-bok<\/div><div class=\"portfolio_desc entry-content\">H\u00e4r hittar du instruktioner f\u00f6r hur du enkelt kan s\u00e4lja en e-bok p\u00e5 din hemsida eller blogg. Det kan till exempel vara ett PDF-dokument eller Microsoft Word-dokument eller n\u00e5gon annan typ av valfritt dokument.<\/div><div class=\"portfolio_more_button\"><a href=\"https:\/\/pro.bizify.me\/sv\/getting-started\/examples\/sell-a-document\/\" class=\"button\" target=\"_self\"><span>L\u00e4s mer \u00bb<\/span><\/a><\/div><\/div><\/li><li class=\"portfolio_item portfolio_with_image hentry\" data-id=\"772\" data-type=\"link\" data-cat=\"\"><div class=\"image_styled portfolio_image\"><div class=\"image_frame effect-icon\" style=\"height:182px\"><div class=\"image_shadow_wrap\"><a class=\"image_icon_link\" target=\"_self\"  title=\"S\u00e4lja dina appar\" href=\"https:\/\/pro.bizify.me\/sv\/getting-started\/examples\/sell-an-application\/\"><img decoding=\"async\" class=\"portfolio_featured_image\" width=\"292\" height=\"180\" src=\"https:\/\/pro.bizify.me\/wp-content\/uploads\/strikingr\/images\/3603_example-5-292x180.jpg\" srcset=\"https:\/\/pro.bizify.me\/wp-content\/uploads\/strikingr\/images\/3603_example-5-292x180@2x.jpg 2x\" data-theme-retina-image=\"true\"  data-thumbnail=\"3603\" title=\"S\u00e4lja dina appar\" alt=\"S\u00e4lja dina appar\" \/><\/a><\/div><\/div><\/div><div class=\"portfolio_details\"><div class=\"portfolio_title entry-title\">S\u00e4lja dina appar<\/div><div class=\"portfolio_desc entry-content\">H\u00e4r hittar du instruktioner f\u00f6r hur du enkelt kan s\u00e4lja ett program (Windows, Mac, Unix, IOS, Android) p\u00e5 din hemsida eller blogg.<\/div><div class=\"portfolio_more_button\"><a href=\"https:\/\/pro.bizify.me\/sv\/getting-started\/examples\/sell-an-application\/\" class=\"button\" target=\"_self\"><span>L\u00e4s mer \u00bb<\/span><\/a><\/div><\/div><\/li><li class=\"portfolio_item portfolio_with_image hentry\" data-id=\"2141\" data-type=\"link\" data-cat=\"\"><div class=\"image_styled portfolio_image\"><div class=\"image_frame effect-icon\" style=\"height:182px\"><div class=\"image_shadow_wrap\"><a class=\"image_icon_link\" target=\"_self\"  title=\"S\u00e4lj en prenumeration\" href=\"\"><img decoding=\"async\" class=\"portfolio_featured_image\" width=\"292\" height=\"180\" src=\"https:\/\/pro.bizify.me\/wp-content\/uploads\/strikingr\/images\/3585_example-6-292x180.jpg\" srcset=\"https:\/\/pro.bizify.me\/wp-content\/uploads\/strikingr\/images\/3585_example-6-292x180@2x.jpg 2x\" data-theme-retina-image=\"true\"  data-thumbnail=\"3585\" title=\"S\u00e4lj en prenumeration\" alt=\"S\u00e4lj en prenumeration\" \/><\/a><\/div><\/div><\/div><div class=\"portfolio_details\"><div class=\"portfolio_title entry-title\">S\u00e4lj en prenumeration<\/div><div class=\"portfolio_desc entry-content\">H\u00e4r hittar du instruktioner f\u00f6r hur du kan s\u00e4lja en prenumeration. En prenumeration inneb\u00e4r att kunden debiteras kontinuerligt inom ett visst tidsintervall.<\/div><div class=\"portfolio_more_button\"><a href=\"https:\/\/pro.bizify.me\/sv\/getting-started\/examples\/sell-a-subscription\/\" class=\"button\" target=\"_self\"><span>L\u00e4s mer \u00bb<\/span><\/a><\/div><\/div><\/li><li class=\"portfolio_item portfolio_with_image hentry\" data-id=\"777\" data-type=\"link\" data-cat=\"\"><div class=\"image_styled portfolio_image\"><div class=\"image_frame effect-icon\" style=\"height:182px\"><div class=\"image_shadow_wrap\"><a class=\"image_icon_link\" target=\"_self\"  title=\"S\u00e4lja en l\u00e4nk\" href=\"https:\/\/pro.bizify.me\/sv\/getting-started\/examples\/sell-a-link\/\"><img decoding=\"async\" class=\"portfolio_featured_image\" width=\"292\" height=\"180\" src=\"https:\/\/pro.bizify.me\/wp-content\/uploads\/strikingr\/images\/3586_example-7-292x180.jpg\" srcset=\"https:\/\/pro.bizify.me\/wp-content\/uploads\/strikingr\/images\/3586_example-7-292x180@2x.jpg 2x\" data-theme-retina-image=\"true\"  data-thumbnail=\"3586\" title=\"S\u00e4lja en l\u00e4nk\" alt=\"S\u00e4lja en l\u00e4nk\" \/><\/a><\/div><\/div><\/div><div class=\"portfolio_details\"><div class=\"portfolio_title entry-title\">S\u00e4lja en l\u00e4nk<\/div><div class=\"portfolio_desc entry-content\">H\u00e4r hittar du instruktioner f\u00f6r hur du enkelt kan s\u00e4lja tillg\u00e5ng till en vanlig l\u00e4nk p\u00e5 Internet. Det kan exempelvis vara en l\u00e4nk till en webbsida.<\/div><div class=\"portfolio_more_button\"><a href=\"https:\/\/pro.bizify.me\/sv\/getting-started\/examples\/sell-a-link\/\" class=\"button\" target=\"_self\"><span>L\u00e4s mer \u00bb<\/span><\/a><\/div><\/div><\/li><li class=\"portfolio_item portfolio_with_image hentry\" data-id=\"1104\" data-type=\"link\" data-cat=\"\"><div class=\"image_styled portfolio_image\"><div class=\"image_frame effect-icon\" style=\"height:182px\"><div class=\"image_shadow_wrap\"><a class=\"image_icon_link\" target=\"_self\"  title=\"S\u00e4lja ett medlemskap\" href=\"https:\/\/pro.bizify.me\/sv\/getting-started\/examples\/sell-a-membership\/\"><img decoding=\"async\" class=\"portfolio_featured_image\" width=\"292\" height=\"180\" src=\"https:\/\/pro.bizify.me\/wp-content\/uploads\/strikingr\/images\/3604_example-8-292x180.jpg\" srcset=\"https:\/\/pro.bizify.me\/wp-content\/uploads\/strikingr\/images\/3604_example-8-292x180@2x.jpg 2x\" data-theme-retina-image=\"true\"  data-thumbnail=\"3604\" title=\"S\u00e4lja ett medlemskap\" alt=\"S\u00e4lja ett medlemskap\" \/><\/a><\/div><\/div><\/div><div class=\"portfolio_details\"><div class=\"portfolio_title entry-title\">S\u00e4lja ett medlemskap<\/div><div class=\"portfolio_desc entry-content\">H\u00e4r hittar du instruktioner f\u00f6r hur du enkelt kan s\u00e4lja ett medlemskap till en webbsida. Du best\u00e4mmer sj\u00e4lv vilka webbsidor som enbart medlemmar skall f\u00e5 tillg\u00e5ng till.<\/div><div class=\"portfolio_more_button\"><a href=\"https:\/\/pro.bizify.me\/sv\/getting-started\/examples\/sell-a-membership\/\" class=\"button\" target=\"_self\"><span>L\u00e4s mer \u00bb<\/span><\/a><\/div><\/div><\/li><\/ul><\/div><\/section><\/p>","protected":false},"excerpt":{"rendered":"<p>H\u00e4r hittar du instruktioner f\u00f6r hur du enkelt kan s\u00e4lja ett medlemskap till en webbsida. Du best\u00e4mmer sj\u00e4lv vilka webbsidor som enbart medlemmar skall f\u00e5 tillg\u00e5ng till.<\/p>\n","protected":false},"author":1,"featured_media":0,"parent":62,"menu_order":20,"comment_status":"open","ping_status":"open","template":"","meta":{"footnotes":""},"_links":{"self":[{"href":"https:\/\/pro.bizify.me\/sv\/wp-json\/wp\/v2\/pages\/699"}],"collection":[{"href":"https:\/\/pro.bizify.me\/sv\/wp-json\/wp\/v2\/pages"}],"about":[{"href":"https:\/\/pro.bizify.me\/sv\/wp-json\/wp\/v2\/types\/page"}],"author":[{"embeddable":true,"href":"https:\/\/pro.bizify.me\/sv\/wp-json\/wp\/v2\/users\/1"}],"replies":[{"embeddable":true,"href":"https:\/\/pro.bizify.me\/sv\/wp-json\/wp\/v2\/comments?post=699"}],"version-history":[{"count":15,"href":"https:\/\/pro.bizify.me\/sv\/wp-json\/wp\/v2\/pages\/699\/revisions"}],"predecessor-version":[{"id":3162,"href":"https:\/\/pro.bizify.me\/sv\/wp-json\/wp\/v2\/pages\/699\/revisions\/3162"}],"up":[{"embeddable":true,"href":"https:\/\/pro.bizify.me\/sv\/wp-json\/wp\/v2\/pages\/62"}],"wp:attachment":[{"href":"https:\/\/pro.bizify.me\/sv\/wp-json\/wp\/v2\/media?parent=699"}],"curies":[{"name":"wp","href":"https:\/\/api.w.org\/{rel}","templated":true}]}}