{"id":722,"date":"2012-05-28T20:56:47","date_gmt":"2012-05-28T18:56:47","guid":{"rendered":"http:\/\/www.bizify.me\/?page_id=722"},"modified":"2020-04-10T12:54:45","modified_gmt":"2020-04-10T12:54:45","slug":"sell-an-image","status":"publish","type":"page","link":"https:\/\/pro.bizify.me\/sv\/getting-started\/examples\/sell-an-image\/","title":{"rendered":"S\u00e4lj dina bilder"},"content":{"rendered":"Att s\u00e4lja en bild via Bizify.me p\u00e5 din webbsida eller blogg \u00e4r mycket enkelt.<\/p>\n<div id=\"framed_box_6e5b564551754765a224081c8957526f\" class=\"framed_box\">\n\t<div class=\"framed_box_content\">\n\t\t\n<div class=\"dropcap2 gray\"><p class=\"dropcap2_inner\">1<\/p><\/div>\n<h3 class=\"dropcap2_header\">Ladda upp bilden<\/h3>\n<p><a onclick=\"BizifyLoginAccount();\" href=\"#\"><strong>Logga in p\u00e5 ditt Bizify.me konto<\/strong><\/a> och g\u00e5 sedan in p\u00e5 menyalternativet <em>Objekt till f\u00f6rs\u00e4ljning<\/em>.<\/p>\n<p>F\u00f6r att skapa ett nytt digitalt objekt (i det h\u00e4r fallet en bild) f\u00f6r f\u00f6rs\u00e4ljning, klickar du p\u00e5 knappen <em>Nytt objekt<\/em>.<\/p>\n<p>V\u00e4lj d\u00e4refter den aktuella filen p\u00e5 din dator och ladda upp den till v\u00e5ra servrar.<\/p>\n\n\t\t<div class=\"framed_box_space\"><\/div>\n\t<\/div>\n<\/div>\n\n<div id=\"framed_box_1c0c971e98d399f70d9c5f189c5839d3\" class=\"framed_box\">\n\t<div class=\"framed_box_content\">\n\t\t\n<div class=\"dropcap2 gray\"><p class=\"dropcap2_inner\">2<\/p><\/div>\n<h3 class=\"dropcap2_header\">V\u00e4lj pris och tillg\u00e4nglighet<\/h3>\n<p>V\u00e4lj hur mycket bilden skall kosta samt hur l\u00e5ng tid k\u00f6paren skall ha tillg\u00e5ng till bilden efter att ett k\u00f6p gjorts.<\/p>\n<p>Klicka sedan p\u00e5 knappen <em>Spara objekt<\/em> f\u00f6r att spara bilden.<\/p>\n\n\t\t<div class=\"framed_box_space\"><\/div>\n\t<\/div>\n<\/div>\n\n<div id=\"framed_box_1f4996db39ce52739e9fec0e4322cbab\" class=\"framed_box\">\n\t<div class=\"framed_box_content\">\n\t\t\n<div class=\"dropcap2 gray\"><p class=\"dropcap2_inner\">3<\/p><\/div>\n<h3 class=\"dropcap2_header\">L\u00e4gg in bilden p\u00e5 din webbsida\/blogg<\/h3>\n<p>Efter att bilden sparats visas en unik l\u00e4nk till bilden. Kopiera l\u00e4nken och klistra in den p\u00e5 din webbsida\/blogg p\u00e5 den plats d\u00e4r du vill att bilden skall visas.<\/p>\n<p>L\u00e4nken kan exempelvis se ut p\u00e5 f\u00f6ljande s\u00e4tt:<\/p>\n<p><code class=\"prettyprint lang-html\"><strong>&lt;img src=\"https:\/\/bizify.me\/123456789.jpg\" width=\"600\" height=\"400\"&gt;<\/strong><\/code><\/p>\n<p>Nu kan du b\u00f6rja s\u00e4lja bilden p\u00e5 din webbsida eller blogg.<\/p>\n\n\t\t<div class=\"framed_box_space\"><\/div>\n\t<\/div>\n<\/div>\n\n<p>F\u00f6r att kunna anv\u00e4nda Bizify.me m\u00e5ste du f\u00f6rst aktivera Bizify.me p\u00e5 din webbsida eller blogg. <a href=\"\/sv\/getting-started\/\">Instruktioner f\u00f6r hur du g\u00f6r detta hittar du h\u00e4r.<\/a>","protected":false},"excerpt":{"rendered":"<p>Att s\u00e4lja en bild via Bizify.me p\u00e5 din webbsida eller blogg \u00e4r mycket enkelt. F\u00f6r att kunna anv\u00e4nda Bizify.me m\u00e5ste du f\u00f6rst aktivera Bizify.me p\u00e5 din webbsida eller blogg. Instruktioner f\u00f6r hur du g\u00f6r detta hittar du h\u00e4r.<\/p>\n","protected":false},"author":1,"featured_media":0,"parent":699,"menu_order":0,"comment_status":"open","ping_status":"open","template":"template_rightsidebar.php","meta":{"footnotes":""},"_links":{"self":[{"href":"https:\/\/pro.bizify.me\/sv\/wp-json\/wp\/v2\/pages\/722"}],"collection":[{"href":"https:\/\/pro.bizify.me\/sv\/wp-json\/wp\/v2\/pages"}],"about":[{"href":"https:\/\/pro.bizify.me\/sv\/wp-json\/wp\/v2\/types\/page"}],"author":[{"embeddable":true,"href":"https:\/\/pro.bizify.me\/sv\/wp-json\/wp\/v2\/users\/1"}],"replies":[{"embeddable":true,"href":"https:\/\/pro.bizify.me\/sv\/wp-json\/wp\/v2\/comments?post=722"}],"version-history":[{"count":108,"href":"https:\/\/pro.bizify.me\/sv\/wp-json\/wp\/v2\/pages\/722\/revisions"}],"predecessor-version":[{"id":3835,"href":"https:\/\/pro.bizify.me\/sv\/wp-json\/wp\/v2\/pages\/722\/revisions\/3835"}],"up":[{"embeddable":true,"href":"https:\/\/pro.bizify.me\/sv\/wp-json\/wp\/v2\/pages\/699"}],"wp:attachment":[{"href":"https:\/\/pro.bizify.me\/sv\/wp-json\/wp\/v2\/media?parent=722"}],"curies":[{"name":"wp","href":"https:\/\/api.w.org\/{rel}","templated":true}]}}