{"id":752,"date":"2012-05-28T21:54:59","date_gmt":"2012-05-28T19:54:59","guid":{"rendered":"http:\/\/www.bizify.me\/?page_id=752"},"modified":"2021-08-24T09:07:30","modified_gmt":"2021-08-24T09:07:30","slug":"sell-a-document","status":"publish","type":"page","link":"https:\/\/pro.bizify.me\/sv\/getting-started\/examples\/sell-a-document\/","title":{"rendered":"S\u00e4lj din e-bok"},"content":{"rendered":"Att s\u00e4lja en e-bok via Bizify.me p\u00e5 din webbsida eller blogg \u00e4r mycket enkelt.<br \/>\nEn e-bok kan exempelvis vara ett PDF-dokument, ett Microsoft Word dokument, en komprimerad ZIP-fil eller n\u00e5got annat typ av digitalt dokument.<\/p>\n<div id=\"framed_box_9040aa90f3d9c8c8d23e9ff98dd1f7bb\" class=\"framed_box\">\n\t<div class=\"framed_box_content\">\n\t\t\n<div class=\"dropcap2 gray\"><p class=\"dropcap2_inner\">1<\/p><\/div>\n<h3 class=\"dropcap2_header\">Ladda upp dokumentet<\/h3>\n<p><a onclick=\"BizifyLoginAccount();\" href=\"#\"><strong>Logga in p\u00e5 ditt Bizify.me<\/strong><\/a> konto och g\u00e5 sedan in p\u00e5 menyalternativet <em>Objekt till f\u00f6rs\u00e4ljning<\/em>.<\/p>\n<p>F\u00f6r att skapa ett nytt digitalt objekt (i det h\u00e4r fallet ett PDF-dokument) f\u00f6r f\u00f6rs\u00e4ljning, klickar du p\u00e5 knappen <em>Nytt objekt<\/em>.<\/p>\n<p>V\u00e4lj d\u00e4refter den aktuella filen p\u00e5 din dator och ladda upp den till v\u00e5ra servrar.<\/p>\n\n\t\t<div class=\"framed_box_space\"><\/div>\n\t<\/div>\n<\/div>\n\n<div id=\"framed_box_2f4c24ebaa23e184c9701da9020649d6\" class=\"framed_box\">\n\t<div class=\"framed_box_content\">\n\t\t\n<div class=\"dropcap2 gray\"><p class=\"dropcap2_inner\">2<\/p><\/div>\n<h3 class=\"dropcap2_header\">V\u00e4lj pris och tillg\u00e4nglighet<\/h3>\n<p>V\u00e4lj hur mycket e-boken skall kosta samt hur l\u00e5ng tid k\u00f6paren skall ha tillg\u00e5ng till att ladda ner e-boken efter att ett k\u00f6p gjorts.<\/p>\n<p>Klicka sedan p\u00e5 knappen <em>Spara objekt<\/em> f\u00f6r att spara e-boken.<\/p>\n\n\t\t<div class=\"framed_box_space\"><\/div>\n\t<\/div>\n<\/div>\n\n<div id=\"framed_box_7126daf866ffb0c3b3a0c0253d78ae06\" class=\"framed_box\">\n\t<div class=\"framed_box_content\">\n\t\t\n<div class=\"dropcap2 gray\"><p class=\"dropcap2_inner\">3<\/p><\/div>\n<h3 class=\"dropcap2_header\">L\u00e4gg in dokumentet p\u00e5 din webbsida\/blogg<\/h3>\n<p>Efter att e-boken sparats visas en unik l\u00e4nk till e-boken. Kopiera l\u00e4nken och klistra in den p\u00e5 din webbsida\/blogg p\u00e5 den plats d\u00e4r du vill att l\u00e4nken till e-boken skall visas.<\/p>\n<p>L\u00e4nken kan exempelvis se ut p\u00e5 f\u00f6ljande s\u00e4tt:<\/p>\n<p><code class=\"prettyprint lang-html\"><strong>&lt;a href=\"https:\/\/bizify.me\/123456789.pdf\"&gt;L\u00e4s E-boken&lt;\/a&gt;<\/strong><\/code><\/p>\n<p>Nu kan du b\u00f6rja s\u00e4lja e-boken p\u00e5 din webbsida eller blogg.<\/p>\n\n\t\t<div class=\"framed_box_space\"><\/div>\n\t<\/div>\n<\/div>\n\n<p>F\u00f6r att kunna anv\u00e4nda Bizify.me m\u00e5ste du f\u00f6rst aktivera Bizify.me p\u00e5 din webbsida eller blogg. <a href=\"\/sv\/getting-started\/\">Instruktioner f\u00f6r hur du g\u00f6r detta hittar du h\u00e4r.<\/a>","protected":false},"excerpt":{"rendered":"<p>Att s\u00e4lja en e-bok via Bizify.me p\u00e5 din webbsida eller blogg \u00e4r mycket enkelt. En e-bok kan exempelvis vara ett PDF-dokument, ett Microsoft Word dokument, en komprimerad ZIP-fil eller n\u00e5got annat typ av digitalt dokument. F\u00f6r att kunna anv\u00e4nda Bizify.me m\u00e5ste du f\u00f6rst aktivera Bizify.me p\u00e5 din webbsida eller blogg. Instruktioner f\u00f6r hur du g\u00f6r &#8230;<\/p>\n","protected":false},"author":1,"featured_media":0,"parent":699,"menu_order":40,"comment_status":"open","ping_status":"open","template":"template_rightsidebar.php","meta":{"footnotes":""},"_links":{"self":[{"href":"https:\/\/pro.bizify.me\/sv\/wp-json\/wp\/v2\/pages\/752"}],"collection":[{"href":"https:\/\/pro.bizify.me\/sv\/wp-json\/wp\/v2\/pages"}],"about":[{"href":"https:\/\/pro.bizify.me\/sv\/wp-json\/wp\/v2\/types\/page"}],"author":[{"embeddable":true,"href":"https:\/\/pro.bizify.me\/sv\/wp-json\/wp\/v2\/users\/1"}],"replies":[{"embeddable":true,"href":"https:\/\/pro.bizify.me\/sv\/wp-json\/wp\/v2\/comments?post=752"}],"version-history":[{"count":39,"href":"https:\/\/pro.bizify.me\/sv\/wp-json\/wp\/v2\/pages\/752\/revisions"}],"predecessor-version":[{"id":3924,"href":"https:\/\/pro.bizify.me\/sv\/wp-json\/wp\/v2\/pages\/752\/revisions\/3924"}],"up":[{"embeddable":true,"href":"https:\/\/pro.bizify.me\/sv\/wp-json\/wp\/v2\/pages\/699"}],"wp:attachment":[{"href":"https:\/\/pro.bizify.me\/sv\/wp-json\/wp\/v2\/media?parent=752"}],"curies":[{"name":"wp","href":"https:\/\/api.w.org\/{rel}","templated":true}]}}