{"id":765,"date":"2012-05-29T22:35:16","date_gmt":"2012-05-29T20:35:16","guid":{"rendered":"http:\/\/www.bizify.me\/?page_id=765"},"modified":"2020-04-10T12:56:46","modified_gmt":"2020-04-10T12:56:46","slug":"sell-your-music","status":"publish","type":"page","link":"https:\/\/pro.bizify.me\/sv\/getting-started\/examples\/sell-your-music\/","title":{"rendered":"S\u00e4lja din musik"},"content":{"rendered":"Att s\u00e4lja din musik via Bizify.me p\u00e5 din webbsida eller blogg \u00e4r mycket enkelt.<br \/>\nBizify.me st\u00f6der musikfiler i MP3-format och du b\u00f6r alltid ladda upp MP3-filen till v\u00e5ra servrar.<\/p>\n<div id=\"framed_box_55bddfb549940f4e22229953d3fbe107\" class=\"framed_box\">\n\t<div class=\"framed_box_content\">\n\t\t\n<div class=\"dropcap2 gray\"><p class=\"dropcap2_inner\">1<\/p><\/div>\n<h3 class=\"dropcap2_header\">Ladda upp MP3-filen<\/h3>\n<p><a onclick=\"BizifyLoginAccount();\" href=\"#\"><strong>Logga in p\u00e5 ditt Bizify.me<\/strong><\/a> konto och g\u00e5 sedan in p\u00e5 menyalternativet <em>Objekt till f\u00f6rs\u00e4ljning<\/em>.<\/p>\n<p>F\u00f6r att skapa ett nytt digitalt objekt (i det h\u00e4r fallet en MP3-fil) f\u00f6r f\u00f6rs\u00e4ljning, klickar du p\u00e5 knappen <em>Nytt objekt<\/em>.<\/p>\n<p>V\u00e4lj d\u00e4refter den aktuella filen p\u00e5 din dator och ladda upp den till v\u00e5ra servrar.<\/p>\n\n\t\t<div class=\"framed_box_space\"><\/div>\n\t<\/div>\n<\/div>\n\n<div id=\"framed_box_677a35552fd7cd29cabcf0b8418f44b6\" class=\"framed_box\">\n\t<div class=\"framed_box_content\">\n\t\t\n<div class=\"dropcap2 gray\"><p class=\"dropcap2_inner\">2<\/p><\/div>\n<h3 class=\"dropcap2_header\">V\u00e4lj pris och tillg\u00e4nglighet<\/h3>\n<p>V\u00e4lj hur mycket MP3-filen skall kosta samt hur l\u00e5ng tid k\u00f6paren skall ha tillg\u00e5ng till MP3-filen efter att ett k\u00f6p gjorts.<\/p>\n<p>Klicka sedan p\u00e5 knappen <em>Spara objekt<\/em> f\u00f6r att spara MP3-filen.<\/p>\n\n\t\t<div class=\"framed_box_space\"><\/div>\n\t<\/div>\n<\/div>\n\n<div id=\"framed_box_5ea27e34d1f831261a879befaba2c001\" class=\"framed_box\">\n\t<div class=\"framed_box_content\">\n\t\t\n<div class=\"dropcap2 gray\"><p class=\"dropcap2_inner\">3<\/p><\/div>\n<h3 class=\"dropcap2_header\">L\u00e4gg in MP3-filen p\u00e5 din webbsida\/blogg<\/h3>\n<p>Efter att MP3-filen sparats visas en unik l\u00e4nk till MP3-filen. Kopiera l\u00e4nken och klistra in den p\u00e5 din webbsida\/blogg p\u00e5 den plats d\u00e4r du vill att l\u00e4nken till MP3-filen skall visas.<\/p>\n<p>L\u00e4nken kan exempelvis se ut p\u00e5 f\u00f6ljande s\u00e4tt:<\/p>\n<p><code class=\"prettyprint lang-html\"><strong>&lt;a href=\"https:\/\/bizify.me\/123456789.mp3\"&gt;Ladda ner MP3-filen&lt;\/a&gt;<\/strong><\/code><\/p>\n<p>Nu kan du b\u00f6rja s\u00e4lja MP3-filen p\u00e5 din webbsida eller blogg.<\/p>\n\n\t\t<div class=\"framed_box_space\"><\/div>\n\t<\/div>\n<\/div>\n\n<p>F\u00f6r att kunna anv\u00e4nda Bizify.me m\u00e5ste du f\u00f6rst aktivera Bizify.me p\u00e5 din webbsida eller blogg. <a href=\"\/sv\/getting-started\/\">Instruktioner f\u00f6r hur du g\u00f6r detta hittar du h\u00e4r.<\/a>","protected":false},"excerpt":{"rendered":"<p>Att s\u00e4lja din musik via Bizify.me p\u00e5 din webbsida eller blogg \u00e4r mycket enkelt. Bizify.me st\u00f6der musikfiler i MP3-format och du b\u00f6r alltid ladda upp MP3-filen till v\u00e5ra servrar. F\u00f6r att kunna anv\u00e4nda Bizify.me m\u00e5ste du f\u00f6rst aktivera Bizify.me p\u00e5 din webbsida eller blogg. Instruktioner f\u00f6r hur du g\u00f6r detta hittar du h\u00e4r.<\/p>\n","protected":false},"author":1,"featured_media":0,"parent":699,"menu_order":50,"comment_status":"open","ping_status":"open","template":"template_rightsidebar.php","meta":{"footnotes":""},"_links":{"self":[{"href":"https:\/\/pro.bizify.me\/sv\/wp-json\/wp\/v2\/pages\/765"}],"collection":[{"href":"https:\/\/pro.bizify.me\/sv\/wp-json\/wp\/v2\/pages"}],"about":[{"href":"https:\/\/pro.bizify.me\/sv\/wp-json\/wp\/v2\/types\/page"}],"author":[{"embeddable":true,"href":"https:\/\/pro.bizify.me\/sv\/wp-json\/wp\/v2\/users\/1"}],"replies":[{"embeddable":true,"href":"https:\/\/pro.bizify.me\/sv\/wp-json\/wp\/v2\/comments?post=765"}],"version-history":[{"count":34,"href":"https:\/\/pro.bizify.me\/sv\/wp-json\/wp\/v2\/pages\/765\/revisions"}],"predecessor-version":[{"id":3839,"href":"https:\/\/pro.bizify.me\/sv\/wp-json\/wp\/v2\/pages\/765\/revisions\/3839"}],"up":[{"embeddable":true,"href":"https:\/\/pro.bizify.me\/sv\/wp-json\/wp\/v2\/pages\/699"}],"wp:attachment":[{"href":"https:\/\/pro.bizify.me\/sv\/wp-json\/wp\/v2\/media?parent=765"}],"curies":[{"name":"wp","href":"https:\/\/api.w.org\/{rel}","templated":true}]}}