{"id":768,"date":"2012-05-29T23:10:50","date_gmt":"2012-05-29T21:10:50","guid":{"rendered":"http:\/\/www.bizify.me\/?page_id=768"},"modified":"2020-04-10T12:57:11","modified_gmt":"2020-04-10T12:57:11","slug":"sell-an-application","status":"publish","type":"page","link":"https:\/\/pro.bizify.me\/sv\/getting-started\/examples\/sell-an-application\/","title":{"rendered":"S\u00e4lja dina appar"},"content":{"rendered":"Att s\u00e4lja ett program via Bizify.me p\u00e5 din webbsida eller blogg \u00e4r mycket enkelt.<br \/>\nI och med att m\u00e5nga webbl\u00e4sare blockerar nerladdning av EXE-filer rekommenderar vi att du f\u00f6rst packar ihop EXE-filen till en ZIP-fil och sedan l\u00e4nkar till eller laddar upp ZIP-filen.<\/p>\n<div id=\"framed_box_3a93ca5c2d011097ca3924e7515eaa00\" class=\"framed_box\">\n\t<div class=\"framed_box_content\">\n\t\t\n<div class=\"dropcap2 gray\"><p class=\"dropcap2_inner\">1<\/p><\/div>\n<h3 class=\"dropcap2_header\">Ladda upp programmet<\/h3>\n<p><a onclick=\"BizifyLoginAccount();\" href=\"#\"><strong>Logga in p\u00e5 ditt Bizify.me<\/strong><\/a> konto och g\u00e5 sedan in p\u00e5 menyalternativet <em>Objects for sale<\/em>.<\/p>\n<p>F\u00f6r att skapa ett nytt digitalt objekt (i det h\u00e4r fallet en ZIP-fil) f\u00f6r f\u00f6rs\u00e4ljning, klickar du p\u00e5 knappen <em>Nytt objekt<\/em>.<\/p>\n<p>V\u00e4lj d\u00e4refter den aktuella filen p\u00e5 din dator och ladda upp den till v\u00e5ra servrar.<br \/>\n\n\t\t<div class=\"framed_box_space\"><\/div>\n\t<\/div>\n<\/div>\n\n<div id=\"framed_box_a991921205ccf9ee30e9068abd40a03c\" class=\"framed_box\">\n\t<div class=\"framed_box_content\">\n\t\t\n<div class=\"dropcap2 gray\"><p class=\"dropcap2_inner\">2<\/p><\/div>\n<h3 class=\"dropcap2_header\">V\u00e4lj pris och tillg\u00e4nglighet<\/h3>\n<p>V\u00e4lj hur mycket programmet skall kosta samt hur l\u00e5ng tid k\u00f6paren skall ha tillg\u00e5ng till programmet efter att ett k\u00f6p gjorts.<\/p>\n<p>Klicka sedan p\u00e5 knappen <em>Spara objekt<\/em> f\u00f6r att spara programmet.<\/p>\n\n\t\t<div class=\"framed_box_space\"><\/div>\n\t<\/div>\n<\/div>\n\n<div id=\"framed_box_af33a41099e6cc0d703e12e74f72097a\" class=\"framed_box\">\n\t<div class=\"framed_box_content\">\n\t\t\n<div class=\"dropcap2 gray\"><p class=\"dropcap2_inner\">3<\/p><\/div>\n<h3 class=\"dropcap2_header\">L\u00e4gg in programmet p\u00e5 din webbsida\/blogg<\/h3>\n<p>Efter att programmet sparats visas en unik l\u00e4nk till programmet. Kopiera l\u00e4nken och klistra in den p\u00e5 din webbsida\/blogg p\u00e5 den plats d\u00e4r du vill att l\u00e4nken till programmet skall visas.<\/p>\n<p>L\u00e4nken kan exempelvis se ut p\u00e5 f\u00f6ljande s\u00e4tt:<\/p>\n<p><code class=\"prettyprint lang-html\"><strong>&lt;a href=\"https:\/\/bizify.me\/123456789.zip\"&gt;Ladda ner programmet&lt;\/a&gt;<\/strong><\/code><\/p>\n<p>Nu kan du b\u00f6rja s\u00e4lja programmet p\u00e5 din webbsida eller blogg.<\/p>\n\n\t\t<div class=\"framed_box_space\"><\/div>\n\t<\/div>\n<\/div>\n\n<p>F\u00f6r att kunna anv\u00e4nda Bizify.me m\u00e5ste du f\u00f6rst aktivera Bizify.me p\u00e5 din webbsida eller blogg. <a href=\"\/sv\/getting-started\/\">Instruktioner f\u00f6r hur du g\u00f6r detta hittar du h\u00e4r.<\/a>","protected":false},"excerpt":{"rendered":"<p>Att s\u00e4lja ett program via Bizify.me p\u00e5 din webbsida eller blogg \u00e4r mycket enkelt. I och med att m\u00e5nga webbl\u00e4sare blockerar nerladdning av EXE-filer rekommenderar vi att du f\u00f6rst packar ihop EXE-filen till en ZIP-fil och sedan l\u00e4nkar till eller laddar upp ZIP-filen. F\u00f6r att kunna anv\u00e4nda Bizify.me m\u00e5ste du f\u00f6rst aktivera Bizify.me p\u00e5 din &#8230;<\/p>\n","protected":false},"author":1,"featured_media":0,"parent":699,"menu_order":60,"comment_status":"open","ping_status":"open","template":"template_rightsidebar.php","meta":{"footnotes":""},"_links":{"self":[{"href":"https:\/\/pro.bizify.me\/sv\/wp-json\/wp\/v2\/pages\/768"}],"collection":[{"href":"https:\/\/pro.bizify.me\/sv\/wp-json\/wp\/v2\/pages"}],"about":[{"href":"https:\/\/pro.bizify.me\/sv\/wp-json\/wp\/v2\/types\/page"}],"author":[{"embeddable":true,"href":"https:\/\/pro.bizify.me\/sv\/wp-json\/wp\/v2\/users\/1"}],"replies":[{"embeddable":true,"href":"https:\/\/pro.bizify.me\/sv\/wp-json\/wp\/v2\/comments?post=768"}],"version-history":[{"count":29,"href":"https:\/\/pro.bizify.me\/sv\/wp-json\/wp\/v2\/pages\/768\/revisions"}],"predecessor-version":[{"id":3840,"href":"https:\/\/pro.bizify.me\/sv\/wp-json\/wp\/v2\/pages\/768\/revisions\/3840"}],"up":[{"embeddable":true,"href":"https:\/\/pro.bizify.me\/sv\/wp-json\/wp\/v2\/pages\/699"}],"wp:attachment":[{"href":"https:\/\/pro.bizify.me\/sv\/wp-json\/wp\/v2\/media?parent=768"}],"curies":[{"name":"wp","href":"https:\/\/api.w.org\/{rel}","templated":true}]}}