{"id":774,"date":"2012-05-29T23:25:19","date_gmt":"2012-05-29T21:25:19","guid":{"rendered":"http:\/\/www.bizify.me\/?page_id=774"},"modified":"2020-04-10T12:57:46","modified_gmt":"2020-04-10T12:57:46","slug":"sell-a-link","status":"publish","type":"page","link":"https:\/\/pro.bizify.me\/sv\/getting-started\/examples\/sell-a-link\/","title":{"rendered":"S\u00e4lja en l\u00e4nk"},"content":{"rendered":"Att s\u00e4lja en l\u00e4nk via Bizify.me p\u00e5 din webbsida eller blogg \u00e4r mycket enkelt.<br \/>\nEn l\u00e4nk \u00e4r i detta fall en vanlig webbadress (URL).<\/p>\n<div id=\"framed_box_2c6b978ca73ad7eb68f73a79f01cd326\" class=\"framed_box\">\n\t<div class=\"framed_box_content\">\n\t\t\n<div class=\"dropcap2 gray\"><p class=\"dropcap2_inner\">1<\/p><\/div>\n<h3 class=\"dropcap2_header\">Aktivera avancerade funktioner<\/h3>\n<p><a onclick=\"BizifyLoginAccount();\" href=\"#\"><strong>Logga in p\u00e5 ditt Bizify.me<\/strong><\/a> konto och g\u00e5 sedan in p\u00e5 menyalternativet <em>Inst\u00e4llningar<\/em>.<\/p>\n<p>Kryssa i <em>Jag vill anv\u00e4nda avancerade funktioner f\u00f6r s\u00e4ljare<\/em> och klicka sedan p\u00e5 <em>Spara \u00e4ndringar<\/em>.<\/p>\n\n\t\t<div class=\"framed_box_space\"><\/div>\n\t<\/div>\n<\/div>\n\n<div id=\"framed_box_cf87281f3d6eec35b5f963e4fcfa83ea\" class=\"framed_box\">\n\t<div class=\"framed_box_content\">\n\t\t\n<div class=\"dropcap2 gray\"><p class=\"dropcap2_inner\">2<\/p><\/div>\n<h3 class=\"dropcap2_header\">L\u00e4nka till webbsidan<\/h3>\n<p>G\u00e5 sedan till menyalternativet <em>Objekt till f\u00f6rs\u00e4ljning<\/em>.<\/p>\n<p>F\u00f6r att skapa ett nytt digitalt objekt (i det h\u00e4r fallet en l\u00e4nk till en webbsida) f\u00f6r f\u00f6rs\u00e4ljning, klickar du p\u00e5 knappen <em>Nytt objekt<\/em>.<\/p>\n<p>V\u00e4lj alternativet <em>L\u00e4nka till ett objekt<\/em> och klistra sedan in webbadressen (URL:en) till den webbsida som du vill l\u00e4nka till.<\/p>\n\n\t\t<div class=\"framed_box_space\"><\/div>\n\t<\/div>\n<\/div>\n\n<div id=\"framed_box_139fcb3110b1df3d181ff3a443d3270c\" class=\"framed_box\">\n\t<div class=\"framed_box_content\">\n\t\t\n<div class=\"dropcap2 gray\"><p class=\"dropcap2_inner\">3<\/p><\/div>\n<h3 class=\"dropcap2_header\">V\u00e4lj pris och tillg\u00e4nglighet<\/h3>\n<p>V\u00e4lj hur mycket l\u00e4nken skall kosta samt hur l\u00e5ng tid k\u00f6paren skall ha tillg\u00e5ng till l\u00e4nken efter att ett k\u00f6p gjorts.<\/p>\n<p>Klicka sedan p\u00e5 knappen <em>Spara objekt<\/em> f\u00f6r att spara l\u00e4nken.<\/p>\n\n\t\t<div class=\"framed_box_space\"><\/div>\n\t<\/div>\n<\/div>\n\n<div id=\"framed_box_5ed9399aaab930df13308c6432daefd2\" class=\"framed_box\">\n\t<div class=\"framed_box_content\">\n\t\t\n<div class=\"dropcap2 gray\"><p class=\"dropcap2_inner\">4<\/p><\/div>\n<h3 class=\"dropcap2_header\">L\u00e4gg in l\u00e4nken p\u00e5 din webbsida\/blogg<\/h3>\n<p>Efter att l\u00e4nken sparats visas en ny unik l\u00e4nk som i sin tur l\u00e4nkar till din l\u00e4nk. Kopiera den nya l\u00e4nken och klistra in den p\u00e5 din webbsida\/blogg p\u00e5 den plats d\u00e4r du vill att l\u00e4nken skall visas.<\/p>\n<p>L\u00e4nken kan exempelvis se ut p\u00e5 f\u00f6ljande s\u00e4tt:<\/p>\n<p><code class=\"prettyprint lang-html\"><strong>&lt;a href=\"https:\/\/bizify.me\/123456789\"&gt;G\u00e5 till l\u00e4nken&lt;\/a&gt;<\/strong><\/code><\/p>\n<p>Det \u00e4r \u00e4ven fullt m\u00f6jligt att exempelvis l\u00e4nka via en iframe:<\/p>\n<p><code class=\"prettyprint lang-html\"><strong>&lt;iframe src=\"https:\/\/bizify.me\/123456789\" width=\"500\" height=\"250\"&gt;&lt;\/iframe&gt;<\/strong><\/code><\/p>\n<p>Nu kan du b\u00f6rja s\u00e4lja l\u00e4nken p\u00e5 din webbsida eller blogg.<\/p>\n\n\t\t<div class=\"framed_box_space\"><\/div>\n\t<\/div>\n<\/div>\n\n<p>F\u00f6r att kunna anv\u00e4nda Bizify.me m\u00e5ste du f\u00f6rst aktivera Bizify.me p\u00e5 din webbsida eller blogg. <a href=\"\/sv\/getting-started\/\">Instruktioner f\u00f6r hur du g\u00f6r detta hittar du h\u00e4r.<\/a>","protected":false},"excerpt":{"rendered":"<p>Att s\u00e4lja en l\u00e4nk via Bizify.me p\u00e5 din webbsida eller blogg \u00e4r mycket enkelt. En l\u00e4nk \u00e4r i detta fall en vanlig webbadress (URL). F\u00f6r att kunna anv\u00e4nda Bizify.me m\u00e5ste du f\u00f6rst aktivera Bizify.me p\u00e5 din webbsida eller blogg. Instruktioner f\u00f6r hur du g\u00f6r detta hittar du h\u00e4r.<\/p>\n","protected":false},"author":1,"featured_media":0,"parent":699,"menu_order":70,"comment_status":"open","ping_status":"open","template":"template_rightsidebar.php","meta":{"footnotes":""},"_links":{"self":[{"href":"https:\/\/pro.bizify.me\/sv\/wp-json\/wp\/v2\/pages\/774"}],"collection":[{"href":"https:\/\/pro.bizify.me\/sv\/wp-json\/wp\/v2\/pages"}],"about":[{"href":"https:\/\/pro.bizify.me\/sv\/wp-json\/wp\/v2\/types\/page"}],"author":[{"embeddable":true,"href":"https:\/\/pro.bizify.me\/sv\/wp-json\/wp\/v2\/users\/1"}],"replies":[{"embeddable":true,"href":"https:\/\/pro.bizify.me\/sv\/wp-json\/wp\/v2\/comments?post=774"}],"version-history":[{"count":29,"href":"https:\/\/pro.bizify.me\/sv\/wp-json\/wp\/v2\/pages\/774\/revisions"}],"predecessor-version":[{"id":3841,"href":"https:\/\/pro.bizify.me\/sv\/wp-json\/wp\/v2\/pages\/774\/revisions\/3841"}],"up":[{"embeddable":true,"href":"https:\/\/pro.bizify.me\/sv\/wp-json\/wp\/v2\/pages\/699"}],"wp:attachment":[{"href":"https:\/\/pro.bizify.me\/sv\/wp-json\/wp\/v2\/media?parent=774"}],"curies":[{"name":"wp","href":"https:\/\/api.w.org\/{rel}","templated":true}]}}